{"id":22878,"date":"2023-09-01T12:30:22","date_gmt":"2023-09-01T10:30:22","guid":{"rendered":"https:\/\/campinglesramiers.com\/ein-tag-im-ogliss-park\/"},"modified":"2023-09-01T12:30:22","modified_gmt":"2023-09-01T10:30:22","slug":"ein-tag-im-ogliss-park","status":"publish","type":"page","link":"https:\/\/campinglesramiers.com\/de\/unsere-erfahrungen\/ein-tag-im-ogliss-park\/","title":{"rendered":"Ein Tag im O&#8217;Gliss park"},"content":{"rendered":"\n<div style=\"height:18px\" aria-hidden=\"true\" class=\"wp-block-spacer\"><\/div>\n\n\n\n<p>F\u00fcr einen Tag voller Spa\u00df und Entspannung gibt es nichts Besseres als den O&#8217;Gliss Park. Dieser herrliche Wasserpark wird die Herzen von Gro\u00df und Klein im Sturm erobern. Mit der Familie, mit Freunden oder zu zweit k\u00f6nnen Sie diesen tollen Ort einen ganzen Tag lang genie\u00dfen.<\/p>\n\n\n\n<div style=\"height:18px\" aria-hidden=\"true\" class=\"wp-block-spacer\"><\/div>\n\n\n\n<div class=\"wp-block-media-text alignwide is-stacked-on-mobile is-image-fill\"><figure class=\"wp-block-media-text__media\" style=\"background-image:url(https:\/\/campinglesramiers.com\/wp-content\/uploads\/2023\/09\/ogliss-park-moutiers-mauxfaits-vendee-Personnalise-1.jpg);background-position:50% 50%\"><img loading=\"lazy\" decoding=\"async\" width=\"900\" height=\"577\" src=\"https:\/\/campinglesramiers.com\/wp-content\/uploads\/2023\/09\/ogliss-park-moutiers-mauxfaits-vendee-Personnalise-1.jpg\" alt=\"\" class=\"wp-image-21560 size-full\" srcset=\"https:\/\/campinglesramiers.com\/wp-content\/uploads\/2023\/09\/ogliss-park-moutiers-mauxfaits-vendee-Personnalise-1.jpg 900w, https:\/\/campinglesramiers.com\/wp-content\/uploads\/2023\/09\/ogliss-park-moutiers-mauxfaits-vendee-Personnalise-1-300x192.jpg 300w, https:\/\/campinglesramiers.com\/wp-content\/uploads\/2023\/09\/ogliss-park-moutiers-mauxfaits-vendee-Personnalise-1-768x492.jpg 768w\" sizes=\"auto, (max-width: 900px) 100vw, 900px\" \/><\/figure><div class=\"wp-block-media-text__content\">\n<div style=\"height:15px\" aria-hidden=\"true\" class=\"wp-block-spacer\"><\/div>\n\n\n\n<h2 class=\"wp-block-heading\">Ein Maximum an Sinneseindr\u00fccken<\/h2>\n\n\n\n<p>Sie k\u00f6nnen sich zun\u00e4chst in Richtung Exploral&#8217;o begeben. Diese wilden Fl\u00fcsse werden mit den verschiedenen zug\u00e4nglichen Pisten jeden begeistern. Der Speed River ist die erste Wasserattraktion des Parks. Im Rafting zu viert oder im Bojenboot zu ein oder zwei Personen. Diese Abfahrt ist f\u00fcr alle zug\u00e4nglich. Kinder unter 8 Jahren m\u00fcssen jedoch von einem Erwachsenen begleitet werden. Anschlie\u00dfend wartet der Indiana auf Sie, in dem Sie 70 Meter ins Wasser hinabsteigen. F\u00fcr die Mutigen unter Ihnen stehen schlie\u00dflich der Colorado und der Niagara zur Verf\u00fcgung. Sie m\u00fcssen jedoch mindestens 1,50 gro\u00df sein.<\/p>\n\n\n\n<p>Um weiter zu rutschen, gehen wir in den Delir&#8217;space. Auf dem Programm&nbsp;: Rutschen in allen Gr\u00f6\u00dfen und Farben. Und ja, die Rutschen sind nach Farben sortiert, damit Sie schnell wissen, welche f\u00fcr Sie zug\u00e4nglich sind. 3 Rutschen sind gr\u00fcn und f\u00fcr Anf\u00e4nger geeignet. Eine Mindestgr\u00f6\u00dfe von 1,10 m ist erforderlich. Dann gibt es 6 Rutschen, die blau oder rot sind, wenn man mindestens 1,20 m 1,40 m gro\u00df ist. Sie entsprechen der Mittelstufe. Und dann, f\u00fcr die ganz Mutigen, geht es auf die Rutschen der schwarzen Kategorie. Sie m\u00fcssen jedoch mindestens 1,50 gro\u00df sein.<\/p>\n\n\n\n<div style=\"height:15px\" aria-hidden=\"true\" class=\"wp-block-spacer\"><\/div>\n<\/div><\/div>\n\n\n\n<div class=\"wp-block-media-text alignwide has-media-on-the-right is-stacked-on-mobile is-image-fill\"><div class=\"wp-block-media-text__content\">\n<div style=\"height:15px\" aria-hidden=\"true\" class=\"wp-block-spacer\"><\/div>\n\n\n\n<h2 class=\"wp-block-heading\">Eher ein Tag der Entspannung und Erholung<\/h2>\n\n\n\n<p>Wenn Sie sich w\u00e4hrend Ihres Aufenthalts im O&#8217;Gliss Park nach Ruhe und Erholung sehnen, sollten Sie die Insel O&#8217;Cayo besuchen. F\u00fcr einen Moment finden Sie sich in diesem kleinen St\u00fcck Paradies wieder, wo das Wasser klar ist und die Sonne das umliegende Gr\u00fcn sublimiert. Auf dieser Insel erwarten Sie verschiedene Bereiche. Gleiten Sie zun\u00e4chst langsam in die t\u00fcrkisblaue Lagune. Das Wasser ist dort angenehm warm und das Becken wird \u00fcberwacht. In der Ferne sehen Sie in der Lagune auch den Kletterfelsen. Gehen Sie darunter hindurch, um auf die andere Seite der Lagune zu gelangen. Und an der Seite, wenn Sie die rosafarbenen Sonnensegel sehen, befinden Sie sich im Zen-Bereich. Legen Sie also ruhig Ihr Handtuch darauf, um sich im Laufe des Tages ein wenig auszuruhen.<\/p>\n\n\n\n<p>G\u00f6nnen Sie sich eine kleine Siesta im Schatten oder in der Sonne, lesen Sie ein gutes Buch oder teilen Sie ein Gesellschaftsspiel mit der Familie.<\/p>\n\n\n\n<div style=\"height:15px\" aria-hidden=\"true\" class=\"wp-block-spacer\"><\/div>\n<\/div><figure class=\"wp-block-media-text__media\" style=\"background-image:url(https:\/\/campinglesramiers.com\/wp-content\/uploads\/2023\/09\/espace_detente_ile_ocayo_ogliss_park-Personnalise-1.jpg);background-position:3% 45%\"><img loading=\"lazy\" decoding=\"async\" width=\"900\" height=\"506\" src=\"https:\/\/campinglesramiers.com\/wp-content\/uploads\/2023\/09\/espace_detente_ile_ocayo_ogliss_park-Personnalise-1.jpg\" alt=\"\" class=\"wp-image-21562 size-full\" srcset=\"https:\/\/campinglesramiers.com\/wp-content\/uploads\/2023\/09\/espace_detente_ile_ocayo_ogliss_park-Personnalise-1.jpg 900w, https:\/\/campinglesramiers.com\/wp-content\/uploads\/2023\/09\/espace_detente_ile_ocayo_ogliss_park-Personnalise-1-300x169.jpg 300w, https:\/\/campinglesramiers.com\/wp-content\/uploads\/2023\/09\/espace_detente_ile_ocayo_ogliss_park-Personnalise-1-768x432.jpg 768w\" sizes=\"auto, (max-width: 900px) 100vw, 900px\" \/><\/figure><\/div>\n\n\n\n<div class=\"wp-block-media-text alignwide is-stacked-on-mobile is-image-fill\"><figure class=\"wp-block-media-text__media\" style=\"background-image:url(https:\/\/campinglesramiers.com\/wp-content\/uploads\/2023\/09\/aquasprayludopark-Personnalise.jpg);background-position:0% 84%\"><img loading=\"lazy\" decoding=\"async\" width=\"900\" height=\"506\" src=\"https:\/\/campinglesramiers.com\/wp-content\/uploads\/2023\/09\/aquasprayludopark-Personnalise.jpg\" alt=\"\" class=\"wp-image-21563 size-full\"><\/figure><div class=\"wp-block-media-text__content\">\n<div style=\"height:15px\" aria-hidden=\"true\" class=\"wp-block-spacer\"><\/div>\n\n\n\n<h2 class=\"wp-block-heading\">F\u00fcr die Kleinsten gibt es einen angepassten Bereich<\/h2>\n\n\n\n<p>Zwischen der Galeone des Moussaillons, D\u00e9lir\u00e9&#8217;O oder dem Aquatower werden selbst die Kleinsten nicht mehr wissen, wo sie anfangen sollen.<\/p>\n\n\n\n<p>Auf der Galeone des Moussaillons k\u00f6nnen Sie wie die Gro\u00dfen auf den Wasserrutschen rutschen und sich mit den Wasserfont\u00e4nen vergn\u00fcgen. Dieser Bereich wird zur Sicherheit aller \u00fcberwacht. In D\u00e9lir\u00e9&#8217;O erwarten Sie 3 Rutschen, die die Kleinen schon fr\u00fchzeitig an das Gef\u00fchl des Rutschens heranf\u00fchren. Und im Aquatower, der neuesten Wasserattraktion f\u00fcr Kinder, k\u00f6nnen sie rutschen und sich mit Wasserspielen vergn\u00fcgen. Wenn Ihre Kinder klein sind, sollten Sie sich die Zeit nehmen, auf dieser Insel vorbeizuschauen, denn dann haben auch sie das Recht auf eine eigene Spa\u00dfzone.<\/p>\n\n\n\n<div style=\"height:15px\" aria-hidden=\"true\" class=\"wp-block-spacer\"><\/div>\n<\/div><\/div>\n\n\n\n<div class=\"wp-block-group alignfull has-background is-layout-constrained wp-block-group-is-layout-constrained\" style=\"background-color:#50859633;margin-top:var(--wp--preset--spacing--50);margin-bottom:var(--wp--preset--spacing--50)\">\n<div style=\"height:15px\" aria-hidden=\"true\" class=\"wp-block-spacer\"><\/div>\n\n\n\n<p><strong>Wo kann man zu Mittag essen&nbsp;?<\/strong><\/p>\n\n\n\n<p>Ein kleiner Hunger&nbsp;? Keine Sorge, O&#8217;Gliss park hat f\u00fcr alles gesorgt. Insgesamt gibt es 9 Essensstellen, die \u00fcber den ganzen Park verteilt sind. S\u00fc\u00df oder salzig, Sie haben die Wahl&nbsp;:<\/p>\n\n\n\n<ul class=\"wp-block-list\">\n<li>O&#8217;Grill&nbsp;: Ein klassischer Imbissstand<\/li>\n\n\n\n<li>O&#8217;my cr\u00eape&nbsp;: Cr\u00eapes zu jeder Zeit, ab 12.00 Uhr<\/li>\n\n\n\n<li>S\u00fc\u00dfe Ecke&nbsp;: Eis, Sandwiches und Erfrischungen in Reichweite<\/li>\n\n\n\n<li>Paillotte&nbsp;: W\u00e4hlen Sie Ihren Lieblingssnack aus<\/li>\n\n\n\n<li>Surfing bar&nbsp;: f\u00fcr einen Cocktail oder eine Erfrischung<\/li>\n\n\n\n<li>Hot Snack&nbsp;: F\u00fcr jeden Hunger, den ganzen Tag lang<\/li>\n\n\n\n<li>Der Eiskiosk&nbsp;: W\u00e4hlen Sie Ihre Lieblingssorte aus<\/li>\n\n\n\n<li>Der Hotdog- und Waffelkiosk&nbsp;: S\u00fc\u00dfes oder Salziges f\u00fcr jeden Geschmack<\/li>\n\n\n\n<li>O&#8217;to resto&nbsp;: Der Automat<\/li>\n<\/ul>\n\n\n\n<div style=\"height:15px\" aria-hidden=\"true\" class=\"wp-block-spacer\"><\/div>\n<\/div>\n\n\n\n<div class=\"wp-block-media-text alignwide is-stacked-on-mobile is-image-fill\"><figure class=\"wp-block-media-text__media\" style=\"background-image:url(https:\/\/campinglesramiers.com\/wp-content\/uploads\/2023\/09\/piscine-a-vagues-ogliss-park-Personnalise.jpg);background-position:100% 100%\"><img loading=\"lazy\" decoding=\"async\" width=\"900\" height=\"506\" src=\"https:\/\/campinglesramiers.com\/wp-content\/uploads\/2023\/09\/piscine-a-vagues-ogliss-park-Personnalise.jpg\" alt=\"\" class=\"wp-image-21564 size-full\" srcset=\"https:\/\/campinglesramiers.com\/wp-content\/uploads\/2023\/09\/piscine-a-vagues-ogliss-park-Personnalise.jpg 900w, https:\/\/campinglesramiers.com\/wp-content\/uploads\/2023\/09\/piscine-a-vagues-ogliss-park-Personnalise-300x169.jpg 300w, https:\/\/campinglesramiers.com\/wp-content\/uploads\/2023\/09\/piscine-a-vagues-ogliss-park-Personnalise-768x432.jpg 768w\" sizes=\"auto, (max-width: 900px) 100vw, 900px\" \/><\/figure><div class=\"wp-block-media-text__content\">\n<div style=\"height:15px\" aria-hidden=\"true\" class=\"wp-block-spacer\"><\/div>\n\n\n\n<h3 class=\"wp-block-heading\">Praktische Infos<\/h3>\n\n\n\n<p>Im Juli und August ist der Park zwischen 10:00 und 19:00 Uhr ge\u00f6ffnet, Anfang September von 10:00 bis 18:00 Uhr. Im Jahr 2023 wird der Park am 4. September geschlossen. Genie\u00dfen Sie also diesen Sommer diese tolle Einrichtung&nbsp;!<\/p>\n\n\n\n<p>Zwischen 8:30 und 20:00 Uhr sind die Parkpl\u00e4tze ge\u00f6ffnet und f\u00fcr Autos kostenlos. Ein Parkplatz f\u00fcr Wohnmobile ist ebenfalls vorhanden und es gibt einen Zugang f\u00fcr Personen mit eingeschr\u00e4nkter Mobilit\u00e4t (PMR).<\/p>\n\n\n\n<p>F\u00fcr einen Tag kostet der Preis f\u00fcr Erwachsene 31,90\u20ac, f\u00fcr Kinder von 5\/10 Jahren 24\u20ac und f\u00fcr Kinder von 3\/4 Jahren 16\u20ac. Es gibt auch einen VIP-Tarif und einen Early Access, um die Rutschen zwischen 9:00 und 10:00 Uhr zu testen. Alle Preise finden Sie auf ihrer Website&nbsp;: https: <a href=\"https:\/\/oglisspark.fr\/tarifs-et-offres\/tarifs-2023\/\" target=\"_blank\" rel=\"noreferrer noopener\">\/\/oglisspark.fr\/tarifs-et-offres\/tarifs-2023\/<\/a><\/p>\n\n\n\n<div style=\"height:15px\" aria-hidden=\"true\" class=\"wp-block-spacer\"><\/div>\n<\/div><\/div>\n\n\n<div class=\"wp-block-sev-diaporama alignfull\">\t\t\t<div id=\"sevgallery-166819847\" class=\"sev-diaporama sev-diaporama-portfolio\">\r\n\t\t\t<div class=\"row\">\r\n\r\n\t\t\t\r\n\t\t\t\t\r\n\t\t\t\t<div class=\"sev-diaporama-portfolio-item col-12 col-sm \">\r\n\r\n\t\t\t\t\t\t\t\t\t\t<a href=\"https:\/\/campinglesramiers.com\/wp-content\/uploads\/2023\/09\/espacedj__SunsetPlaya-Personnalise.jpg\" data-lightbox=\"sevgallery-166819847\" style=\"background-image: url(https:\/\/campinglesramiers.com\/wp-content\/uploads\/2023\/09\/espacedj__SunsetPlaya-Personnalise.jpg)\">\r\n\t\t\t\t\t\t\t\t\t\t\t<img decoding=\"async\" src=\"https:\/\/campinglesramiers.com\/wp-content\/uploads\/2023\/09\/espacedj__SunsetPlaya-Personnalise.jpg\" alt=\"sunset playa \u00e0 ogliss park\" loading=\"lazy\">\r\n\t\t\t\t\t\t\t\t\t\t<\/a>\r\n\t\t\t\t\t\t\t\t\t<\/div>\r\n\r\n\t\t\t\t\r\n\t\t\t\t\t\t\t\t\t\t\t\r\n\t\t\t\t\r\n\t\t\t\t<div class=\"sev-diaporama-portfolio-item col-12 col-sm \">\r\n\r\n\t\t\t\t\t\t\t\t\t\t<a href=\"https:\/\/campinglesramiers.com\/wp-content\/uploads\/2023\/09\/exploralo_ogliss_park_3-Personnalise.jpg\" data-lightbox=\"sevgallery-166819847\" style=\"background-image: url(https:\/\/campinglesramiers.com\/wp-content\/uploads\/2023\/09\/exploralo_ogliss_park_3-Personnalise.jpg)\">\r\n\t\t\t\t\t\t\t\t\t\t\t<img decoding=\"async\" src=\"https:\/\/campinglesramiers.com\/wp-content\/uploads\/2023\/09\/exploralo_ogliss_park_3-Personnalise.jpg\" alt=\"o gliss pour toute la famille en vend\u00e9e\" loading=\"lazy\">\r\n\t\t\t\t\t\t\t\t\t\t<\/a>\r\n\t\t\t\t\t\t\t\t\t<\/div>\r\n\r\n\t\t\t\t\r\n\t\t\t\t\t\t\t\t\t\t\t\r\n\t\t\t\t\r\n\t\t\t\t<div class=\"sev-diaporama-portfolio-item col-12 col-sm  col-grow\">\r\n\r\n\t\t\t\t\t\t\t\t\t\t<a href=\"https:\/\/campinglesramiers.com\/wp-content\/uploads\/2023\/09\/coconfamily__VipBeach-Personnalise-1.jpg\" data-lightbox=\"sevgallery-166819847\" style=\"background-image: url(https:\/\/campinglesramiers.com\/wp-content\/uploads\/2023\/09\/coconfamily__VipBeach-Personnalise-1.jpg)\">\r\n\t\t\t\t\t\t\t\t\t\t\t<img decoding=\"async\" src=\"https:\/\/campinglesramiers.com\/wp-content\/uploads\/2023\/09\/coconfamily__VipBeach-Personnalise-1.jpg\" alt=\"o gliss park en vend\u00e9e\" loading=\"lazy\">\r\n\t\t\t\t\t\t\t\t\t\t<\/a>\r\n\t\t\t\t\t\t\t\t\t<\/div>\r\n\r\n\t\t\t\t\t\t\t\t\t<div class=\"w-100\"><\/div>\r\n\t\t\t\t\t\t\t\t\t\r\n\t\t\t\t\t\t\t\t\t\t\t\t\t\t<\/div>\r\n\t\t\t<\/div>\r\n\r\n\t\t\t<script>\r\n\t\t\tjQuery(function($) {\r\n\r\n\t\t\t\tvar marginPortfolio = function() {\r\n\r\n\t\t\t\t\tvar $diapo          = $('#sevgallery-166819847');\r\n\t\t\t\t\tvar container_width = $diapo.parent().outerWidth();\r\n\t\t\t\t\tvar side            = ( $(window).innerWidth() - container_width ) \/ 2;\r\n\r\n\t\t\t\t\t$diapo.css( {\r\n\t\t\t\t\t\t'margin-left': '-' + side + 'px',\r\n\t\t\t\t\t\t'margin-right': '-' + side + 'px',\r\n\t\t\t\t\t} );\r\n\t\t\t\t};\r\n\r\n\t\t\t\t$( window ).resize( function() {\r\n\t\t\t\t\tmarginPortfolio();\r\n\t\t\t\t} );\r\n\t\t\t\tmarginPortfolio();\r\n\t\t\t});\r\n\t\t\t<\/script>\r\n\t\t\t<\/div>","protected":false},"excerpt":{"rendered":"<p>F\u00fcr einen Tag voller Spa\u00df und Entspannung gibt es nichts Besseres als den O&#8217;Gliss Park. Dieser herrliche Wasserpark wird die Herzen von Gro\u00df und Klein im Sturm erobern. Mit der Familie, mit Freunden oder zu zweit k\u00f6nnen Sie diesen tollen Ort einen ganzen Tag lang genie\u00dfen. Wo kann man zu Mittag essen&nbsp;? Ein kleiner Hunger&nbsp;? [&hellip;]<\/p>\n","protected":false},"author":1,"featured_media":0,"parent":22969,"menu_order":0,"comment_status":"closed","ping_status":"closed","template":"","meta":{"_seopress_robots_primary_cat":"","_seopress_titles_title":"Wie w\u00e4re es mit einem Tag im Wasserpark O'Gliss park?  ","_seopress_titles_desc":"Genie\u00dfen Sie w\u00e4hrend Ihres Aufenthalts einen Tag im O'Gliss park, um Spa\u00df zu haben, sich zu entspannen und Zeit mit der Familie oder Freunden zu verbringen.","_seopress_robots_index":"","footnotes":""},"class_list":["post-22878","page","type-page","status-publish","hentry"],"_links":{"self":[{"href":"https:\/\/campinglesramiers.com\/de\/wp-json\/wp\/v2\/pages\/22878","targetHints":{"allow":["GET"]}}],"collection":[{"href":"https:\/\/campinglesramiers.com\/de\/wp-json\/wp\/v2\/pages"}],"about":[{"href":"https:\/\/campinglesramiers.com\/de\/wp-json\/wp\/v2\/types\/page"}],"author":[{"embeddable":true,"href":"https:\/\/campinglesramiers.com\/de\/wp-json\/wp\/v2\/users\/1"}],"replies":[{"embeddable":true,"href":"https:\/\/campinglesramiers.com\/de\/wp-json\/wp\/v2\/comments?post=22878"}],"version-history":[{"count":0,"href":"https:\/\/campinglesramiers.com\/de\/wp-json\/wp\/v2\/pages\/22878\/revisions"}],"up":[{"embeddable":true,"href":"https:\/\/campinglesramiers.com\/de\/wp-json\/wp\/v2\/pages\/22969"}],"wp:attachment":[{"href":"https:\/\/campinglesramiers.com\/de\/wp-json\/wp\/v2\/media?parent=22878"}],"curies":[{"name":"wp","href":"https:\/\/api.w.org\/{rel}","templated":true}]}}