{"id":22899,"date":"2023-09-01T14:09:16","date_gmt":"2023-09-01T12:09:16","guid":{"rendered":"https:\/\/campinglesramiers.com\/ein-halber-tag-rund-um-den-wein\/"},"modified":"2023-09-01T14:09:16","modified_gmt":"2023-09-01T12:09:16","slug":"ein-halber-tag-rund-um-den-wein","status":"publish","type":"page","link":"https:\/\/campinglesramiers.com\/de\/unsere-erfahrungen\/ein-halber-tag-rund-um-den-wein\/","title":{"rendered":"Ein halber Tag rund um den Wein"},"content":{"rendered":"\n<p>An der K\u00fcste der Vend\u00e9e gibt es zwei m\u00f6gliche Routen, um das Weinanbaugebiet zu erkunden. Es gibt die Weinstra\u00dfe &#8220;&nbsp;terroir de Brem sur Mer&nbsp;&#8220; und die Weinstra\u00dfe &#8220;&nbsp;C\u00f4te de Lumi\u00e8re&nbsp;&#8222;. W\u00e4hrend Ihres Aufenthalts auf dem Campingplatz Les Ramiers schlagen wir Ihnen vor, ein St\u00fcck der zweiten, nur wenige Kilometer n\u00f6rdlich von Ihrem Campingplatz gelegenen, zu machen.<\/p>\n\n\n\n<div class=\"wp-block-media-text alignwide is-stacked-on-mobile is-image-fill\"><figure class=\"wp-block-media-text__media\" style=\"background-image:url(https:\/\/campinglesramiers.com\/wp-content\/uploads\/2023\/09\/5.jpg);background-position:50% 50%\"><img loading=\"lazy\" decoding=\"async\" width=\"800\" height=\"600\" src=\"https:\/\/campinglesramiers.com\/wp-content\/uploads\/2023\/09\/5.jpg\" alt=\"\" class=\"wp-image-21592 size-full\" srcset=\"https:\/\/campinglesramiers.com\/wp-content\/uploads\/2023\/09\/5.jpg 800w, https:\/\/campinglesramiers.com\/wp-content\/uploads\/2023\/09\/5-300x225.jpg 300w, https:\/\/campinglesramiers.com\/wp-content\/uploads\/2023\/09\/5-768x576.jpg 768w\" sizes=\"auto, (max-width: 800px) 100vw, 800px\" \/><\/figure><div class=\"wp-block-media-text__content\">\n<div style=\"height:13px\" aria-hidden=\"true\" class=\"wp-block-spacer\"><\/div>\n\n\n\n<h2 class=\"wp-block-heading\">L&#8217;Or\u00e9e du Sabia in Brem sur Mer<\/h2>\n\n\n\n<p>Dieses Weingut bietet Ihnen eine Besichtigung des Weinkellers und des Weinlagers an, wobei Sie von Experten des Fachs begleitet werden, die Sie anleiten. Bei Ihrem Besuch erfahren Sie, wie ihre Weine hergestellt werden, und k\u00f6nnen sie auch probieren. Halten Sie die Augen offen und entdecken Sie die Geheimnisse der Cuveie, der Kelterzone oder des halbunterirdischen Barriquekellers. Alle verwendeten Techniken und ihre Auswirkungen auf den Wein werden Ihnen auf diesem Spaziergang erkl\u00e4rt. Rot, wei\u00df oder ros\u00e9, trauen Sie sich, an der Verkostung dieser vor Ort hergestellten Getr\u00e4nke teilzunehmen. Sie k\u00f6nnen sie auch im Laden kaufen, wenn es Ihnen gefallen hat.<\/p>\n\n\n\n<p>Um den gesamten \u00e4u\u00dferen Teil des Weinbergs zu besichtigen, wird eine Fahrradtour organisiert. Auf 13 Kilometern k\u00f6nnen Sie an den Reihen der Weinberge entlanggehen und die Atmosph\u00e4re genie\u00dfen.<\/p>\n\n\n\n<p>&nbsp;Ansonsten bietet Ihnen das Weingut auch die M\u00f6glichkeit, an einem Workshop teilzunehmen, in dem Sie Ihren eigenen Wein herstellen k\u00f6nnen. Sie werden mit einem kleinen Souvenir nach Hause gehen und einen einzigartigen Moment in Ihrem Ged\u00e4chtnis festhalten.<\/p>\n\n\n\n<p>Sie k\u00f6nnen sich f\u00fcr Preise und \u00d6ffnungszeiten direkt an die Domaine wenden&nbsp;: https: <a href=\"https:\/\/www.loreedusabia.com\/fr\/visiter\/particulier\/\" target=\"_blank\" rel=\"noreferrer noopener\">\/\/www.loreedusabia.com\/fr\/visiter\/particulier\/<\/a><\/p>\n\n\n\n<div style=\"height:13px\" aria-hidden=\"true\" class=\"wp-block-spacer\"><\/div>\n<\/div><\/div>\n\n\n\n<div class=\"wp-block-media-text alignwide has-media-on-the-right is-stacked-on-mobile is-image-fill\"><div class=\"wp-block-media-text__content\">\n<div style=\"height:14px\" aria-hidden=\"true\" class=\"wp-block-spacer\"><\/div>\n\n\n\n<h2 class=\"wp-block-heading\">Besuch von Brem sur Mer<\/h2>\n\n\n\n<p>Nach diesem Zwischenstopp auf der Domaine k\u00f6nnen Sie die charmante Gemeinde Brem sur Mer besuchen und all die Hinweise auf die Welt der \u00d6nologie finden, die dort gemacht werden.<\/p>\n\n\n\n<p>Fahren Sie z. B. in Richtung des Kreisverkehrs Noyau de terre, des Dorfes La Gach\u00e8re und seines Sumpfgebiets. Dieses Fischerdorf hat seinen alten Charme bewahrt. Dort k\u00f6nnen Sie die f\u00fcr die Gegend typischen kleinen H\u00e4user, die engen Gassen und die Aussicht auf den Fluss Auzance genie\u00dfen. Genie\u00dfen Sie zwischen S\u00fc\u00df- und Salzwasser die frische Luft und den salzigen Geruch des Ortes.<\/p>\n\n\n\n<div style=\"height:15px\" aria-hidden=\"true\" class=\"wp-block-spacer\"><\/div>\n<\/div><figure class=\"wp-block-media-text__media\" style=\"background-image:url(https:\/\/campinglesramiers.com\/wp-content\/uploads\/2023\/09\/6.jpg);background-position:50% 50%\"><img loading=\"lazy\" decoding=\"async\" width=\"800\" height=\"600\" src=\"https:\/\/campinglesramiers.com\/wp-content\/uploads\/2023\/09\/6.jpg\" alt=\"\" class=\"wp-image-21593 size-full\" srcset=\"https:\/\/campinglesramiers.com\/wp-content\/uploads\/2023\/09\/6.jpg 800w, https:\/\/campinglesramiers.com\/wp-content\/uploads\/2023\/09\/6-300x225.jpg 300w, https:\/\/campinglesramiers.com\/wp-content\/uploads\/2023\/09\/6-768x576.jpg 768w\" sizes=\"auto, (max-width: 800px) 100vw, 800px\" \/><\/figure><\/div>\n\n\n<div class=\"wp-block-sev-diaporama alignfull\">\t\t\t<div id=\"sevgallery-223288154\" class=\"sev-diaporama sev-diaporama-portfolio\">\r\n\t\t\t<div class=\"row\">\r\n\r\n\t\t\t\r\n\t\t\t\t\r\n\t\t\t\t<div class=\"sev-diaporama-portfolio-item col-12 col-sm  col-shrink\">\r\n\r\n\t\t\t\t\t\t\t\t\t\t<a href=\"https:\/\/campinglesramiers.com\/wp-content\/uploads\/2023\/09\/4.jpg\" data-lightbox=\"sevgallery-223288154\" style=\"background-image: url(https:\/\/campinglesramiers.com\/wp-content\/uploads\/2023\/09\/4.jpg)\">\r\n\t\t\t\t\t\t\t\t\t\t\t<img decoding=\"async\" src=\"https:\/\/campinglesramiers.com\/wp-content\/uploads\/2023\/09\/4.jpg\" alt=\"vin d\u00e9gustation en vend\u00e9e\" loading=\"lazy\">\r\n\t\t\t\t\t\t\t\t\t\t<\/a>\r\n\t\t\t\t\t\t\t\t\t<\/div>\r\n\r\n\t\t\t\t\r\n\t\t\t\t\t\t\t\t\t\t\t\r\n\t\t\t\t\r\n\t\t\t\t<div class=\"sev-diaporama-portfolio-item col-12 col-sm \">\r\n\r\n\t\t\t\t\t\t\t\t\t\t<a href=\"https:\/\/campinglesramiers.com\/wp-content\/uploads\/2023\/09\/vigne-raisin-IMG_5771.jpg\" data-lightbox=\"sevgallery-223288154\" style=\"background-image: url(https:\/\/campinglesramiers.com\/wp-content\/uploads\/2023\/09\/vigne-raisin-IMG_5771.jpg)\">\r\n\t\t\t\t\t\t\t\t\t\t\t<img decoding=\"async\" src=\"https:\/\/campinglesramiers.com\/wp-content\/uploads\/2023\/09\/vigne-raisin-IMG_5771.jpg\" alt=\"route du vin en Vend\u00e9e\" loading=\"lazy\">\r\n\t\t\t\t\t\t\t\t\t\t<\/a>\r\n\t\t\t\t\t\t\t\t\t<\/div>\r\n\r\n\t\t\t\t\r\n\t\t\t\t\t\t\t\t\t\t\t\r\n\t\t\t\t\r\n\t\t\t\t<div class=\"sev-diaporama-portfolio-item col-12 col-sm \">\r\n\r\n\t\t\t\t\t\t\t\t\t\t<a href=\"https:\/\/campinglesramiers.com\/wp-content\/uploads\/2023\/09\/vigne-raisin-IMG_1714.jpg\" data-lightbox=\"sevgallery-223288154\" style=\"background-image: url(https:\/\/campinglesramiers.com\/wp-content\/uploads\/2023\/09\/vigne-raisin-IMG_1714.jpg)\">\r\n\t\t\t\t\t\t\t\t\t\t\t<img decoding=\"async\" src=\"https:\/\/campinglesramiers.com\/wp-content\/uploads\/2023\/09\/vigne-raisin-IMG_1714.jpg\" alt=\"visite des vignobles en Vend\u00e9e\" loading=\"lazy\">\r\n\t\t\t\t\t\t\t\t\t\t<\/a>\r\n\t\t\t\t\t\t\t\t\t<\/div>\r\n\r\n\t\t\t\t\t\t\t\t\t<div class=\"w-100\"><\/div>\r\n\t\t\t\t\t\t\t\t\t\r\n\t\t\t\t\t\t\t\t\t\t\t\t\t\t<\/div>\r\n\t\t\t<\/div>\r\n\r\n\t\t\t<script>\r\n\t\t\tjQuery(function($) {\r\n\r\n\t\t\t\tvar marginPortfolio = function() {\r\n\r\n\t\t\t\t\tvar $diapo          = $('#sevgallery-223288154');\r\n\t\t\t\t\tvar container_width = $diapo.parent().outerWidth();\r\n\t\t\t\t\tvar side            = ( $(window).innerWidth() - container_width ) \/ 2;\r\n\r\n\t\t\t\t\t$diapo.css( {\r\n\t\t\t\t\t\t'margin-left': '-' + side + 'px',\r\n\t\t\t\t\t\t'margin-right': '-' + side + 'px',\r\n\t\t\t\t\t} );\r\n\t\t\t\t};\r\n\r\n\t\t\t\t$( window ).resize( function() {\r\n\t\t\t\t\tmarginPortfolio();\r\n\t\t\t\t} );\r\n\t\t\t\tmarginPortfolio();\r\n\t\t\t});\r\n\t\t\t<\/script>\r\n\t\t\t<\/div>","protected":false},"excerpt":{"rendered":"<p>An der K\u00fcste der Vend\u00e9e gibt es zwei m\u00f6gliche Routen, um das Weinanbaugebiet zu erkunden. Es gibt die Weinstra\u00dfe &#8220;&nbsp;terroir de Brem sur Mer&nbsp;&#8220; und die Weinstra\u00dfe &#8220;&nbsp;C\u00f4te de Lumi\u00e8re&nbsp;&#8222;. W\u00e4hrend Ihres Aufenthalts auf dem Campingplatz Les Ramiers schlagen wir Ihnen vor, ein St\u00fcck der zweiten, nur wenige Kilometer n\u00f6rdlich von Ihrem Campingplatz gelegenen, zu [&hellip;]<\/p>\n","protected":false},"author":1,"featured_media":0,"parent":22969,"menu_order":0,"comment_status":"closed","ping_status":"closed","template":"","meta":{"_seopress_robots_primary_cat":"","_seopress_titles_title":"Genie\u00dfen Sie einen halbt\u00e4gigen Weintourismus","_seopress_titles_desc":"W\u00e4hrend Ihres Aufenthalts in Les Ramiers sollten Sie sich die Zeit nehmen, das Weinbaugebiet der Gegend auf der Weinstra\u00dfe zu erkunden.","_seopress_robots_index":"","footnotes":""},"class_list":["post-22899","page","type-page","status-publish","hentry"],"_links":{"self":[{"href":"https:\/\/campinglesramiers.com\/de\/wp-json\/wp\/v2\/pages\/22899","targetHints":{"allow":["GET"]}}],"collection":[{"href":"https:\/\/campinglesramiers.com\/de\/wp-json\/wp\/v2\/pages"}],"about":[{"href":"https:\/\/campinglesramiers.com\/de\/wp-json\/wp\/v2\/types\/page"}],"author":[{"embeddable":true,"href":"https:\/\/campinglesramiers.com\/de\/wp-json\/wp\/v2\/users\/1"}],"replies":[{"embeddable":true,"href":"https:\/\/campinglesramiers.com\/de\/wp-json\/wp\/v2\/comments?post=22899"}],"version-history":[{"count":0,"href":"https:\/\/campinglesramiers.com\/de\/wp-json\/wp\/v2\/pages\/22899\/revisions"}],"up":[{"embeddable":true,"href":"https:\/\/campinglesramiers.com\/de\/wp-json\/wp\/v2\/pages\/22969"}],"wp:attachment":[{"href":"https:\/\/campinglesramiers.com\/de\/wp-json\/wp\/v2\/media?parent=22899"}],"curies":[{"name":"wp","href":"https:\/\/api.w.org\/{rel}","templated":true}]}}