{"id":22945,"date":"2023-07-17T16:40:18","date_gmt":"2023-07-17T14:40:18","guid":{"rendered":"https:\/\/campinglesramiers.com\/stadtseite\/la-roche-sur-yon\/"},"modified":"2023-07-17T16:40:18","modified_gmt":"2023-07-17T14:40:18","slug":"la-roche-sur-yon","status":"publish","type":"page","link":"https:\/\/campinglesramiers.com\/de\/stadtseite\/la-roche-sur-yon\/","title":{"rendered":"La Roche sur Yon"},"content":{"rendered":"\n<p>W\u00e4hrend Ihres Aufenthalts auf dem Campingplatz Les Ramiers sollten Sie unbedingt in Richtung La Roche sur Yon fahren. Als Gro\u00dfstadt in der Vend\u00e9e bietet diese Gemeinde eine F\u00fclle von Aktivit\u00e4ten.<\/p>\n\n\n\n<h2 class=\"wp-block-heading\">Rund um die Kultur<\/h2>\n\n\n\n<p>Dort k\u00f6nnen Sie zum Beispiel das Gest\u00fct Haras de Vend\u00e9e finden. Den ganzen Sommer \u00fcber ge\u00f6ffnet, k\u00f6nnen Sie sich Pferdeshows ansehen und frei durch die wundersch\u00f6nen G\u00e4rten streifen. Jeden Tag (au\u00dfer samstags) um 17.00 Uhr erwartet Sie eine erhabene Pferdeshow. Sie k\u00f6nnen sich auch f\u00fcr eine gef\u00fchrte Tour entscheiden, um alle Geheimnisse dieser Orte zu erfahren.<\/p>\n\n\n\n<h2 class=\"wp-block-heading\">F\u00fcr einen angenehmen Spaziergang<\/h2>\n\n\n\n<p>Sie k\u00f6nnen w\u00e4hlen, ob Sie die Papon-M\u00fchle umrunden (oder einen Teil davon) wollen. Dieses Gew\u00e4sser wird seinen Reiz finden, wenn Sie sich mal im Schatten, mal in der Sonne die Beine vertreten m\u00f6chten.<\/p>\n\n\n\n<h2 class=\"wp-block-heading\">In der Familie<\/h2>\n\n\n\n<p>Der Napoleonplatz beherbergt seit einigen Jahren die Tiere des Platzes. So k\u00f6nnen Sie die Kinder mitnehmen, damit sie die Tiere selbst bewegen k\u00f6nnen. Sie k\u00f6nnen auch auf dem Platz oder in der Umgebung eine Pause einlegen, um ein Erfrischungsgetr\u00e4nk oder einen Snack zu sich zu nehmen.<\/p>\n\n\n\n<p>Seit diesem Sommer hat der au\u00dfergew\u00f6hnliche Gem\u00fcsegarten seine Pforten ge\u00f6ffnet. Schauen Sie sich diese Neuheit&nbsp; an! Seine beeindruckenden Obst- und Gem\u00fcsesorten werden Sie begeistern.<\/p>\n\n\n\n<h2 class=\"wp-block-heading\">Zum Einkaufen<\/h2>\n\n\n\n<p>In La Roche sur Yon befinden sich mehrere Galerien. Sie finden zum Beispiel Les Fl\u00e2neries auf der Nordseite der Stadt, Sud Avenue auf der S\u00fcdseite oder auch das Stadtzentrum. Wenn Sie ein paar Dinge einkaufen m\u00f6chten, ist das sogar im Urlaub m\u00f6glich&nbsp;!<\/p>\n\n\n<div class=\"wp-block-sev-diaporama alignfull\">\t\t\t<div id=\"sevgallery-928001530\" class=\"sev-diaporama sev-diaporama-portfolio\">\r\n\t\t\t<div class=\"row\">\r\n\r\n\t\t\t\r\n\t\t\t\t\r\n\t\t\t\t<div class=\"sev-diaporama-portfolio-item col-12 col-sm \">\r\n\r\n\t\t\t\t\t\t\t\t\t\t<a href=\"https:\/\/campinglesramiers.com\/wp-content\/uploads\/2023\/08\/le-kiosque-IMG_1815-Personnalise.jpg\" data-lightbox=\"sevgallery-928001530\" style=\"background-image: url(https:\/\/campinglesramiers.com\/wp-content\/uploads\/2023\/08\/le-kiosque-IMG_1815-Personnalise.jpg)\">\r\n\t\t\t\t\t\t\t\t\t\t\t<img decoding=\"async\" src=\"https:\/\/campinglesramiers.com\/wp-content\/uploads\/2023\/08\/le-kiosque-IMG_1815-Personnalise.jpg\" alt=\"kiosque place napol\u00e9on a la roche sur yon\" loading=\"lazy\">\r\n\t\t\t\t\t\t\t\t\t\t<\/a>\r\n\t\t\t\t\t\t\t\t\t<\/div>\r\n\r\n\t\t\t\t\r\n\t\t\t\t\t\t\t\t\t\t\t\r\n\t\t\t\t\r\n\t\t\t\t<div class=\"sev-diaporama-portfolio-item col-12 col-sm  col-grow\">\r\n\r\n\t\t\t\t\t\t\t\t\t\t<a href=\"https:\/\/campinglesramiers.com\/wp-content\/uploads\/2023\/07\/la-roche-sur-yon-statue-napoleon-IMG_1809-Personnalise.jpg\" data-lightbox=\"sevgallery-928001530\" style=\"background-image: url(https:\/\/campinglesramiers.com\/wp-content\/uploads\/2023\/07\/la-roche-sur-yon-statue-napoleon-IMG_1809-Personnalise.jpg)\">\r\n\t\t\t\t\t\t\t\t\t\t\t<img decoding=\"async\" src=\"https:\/\/campinglesramiers.com\/wp-content\/uploads\/2023\/07\/la-roche-sur-yon-statue-napoleon-IMG_1809-Personnalise.jpg\" alt=\"place napol\u00e9on vend\u00e9e\" loading=\"lazy\">\r\n\t\t\t\t\t\t\t\t\t\t<\/a>\r\n\t\t\t\t\t\t\t\t\t<\/div>\r\n\r\n\t\t\t\t\r\n\t\t\t\t\t\t\t\t\t\t\t\r\n\t\t\t\t\r\n\t\t\t\t<div class=\"sev-diaporama-portfolio-item col-12 col-sm \">\r\n\r\n\t\t\t\t\t\t\t\t\t\t<a href=\"https:\/\/campinglesramiers.com\/wp-content\/uploads\/2023\/07\/vue-de-la-nouvelle-place-IMG_1788-Personnalise.jpg\" data-lightbox=\"sevgallery-928001530\" style=\"background-image: url(https:\/\/campinglesramiers.com\/wp-content\/uploads\/2023\/07\/vue-de-la-nouvelle-place-IMG_1788-Personnalise.jpg)\">\r\n\t\t\t\t\t\t\t\t\t\t\t<img decoding=\"async\" src=\"https:\/\/campinglesramiers.com\/wp-content\/uploads\/2023\/07\/vue-de-la-nouvelle-place-IMG_1788-Personnalise.jpg\" alt=\"place napol\u00e9on vend\u00e9e\" loading=\"lazy\">\r\n\t\t\t\t\t\t\t\t\t\t<\/a>\r\n\t\t\t\t\t\t\t\t\t<\/div>\r\n\r\n\t\t\t\t\r\n\t\t\t\t\t\t\t\t\t\t\t\r\n\t\t\t\t\r\n\t\t\t\t<div class=\"sev-diaporama-portfolio-item col-12 col-sm \">\r\n\r\n\t\t\t\t\t\t\t\t\t\t<a href=\"https:\/\/campinglesramiers.com\/wp-content\/uploads\/2023\/08\/les-deux-flamants-roses-IMG_1805-Personnalise.jpg\" data-lightbox=\"sevgallery-928001530\" style=\"background-image: url(https:\/\/campinglesramiers.com\/wp-content\/uploads\/2023\/08\/les-deux-flamants-roses-IMG_1805-Personnalise.jpg)\">\r\n\t\t\t\t\t\t\t\t\t\t\t<img decoding=\"async\" src=\"https:\/\/campinglesramiers.com\/wp-content\/uploads\/2023\/08\/les-deux-flamants-roses-IMG_1805-Personnalise.jpg\" alt=\"la roche sur yon place napol\u00e9on\" loading=\"lazy\">\r\n\t\t\t\t\t\t\t\t\t\t<\/a>\r\n\t\t\t\t\t\t\t\t\t<\/div>\r\n\r\n\t\t\t\t\t\t\t\t\t<div class=\"w-100\"><\/div>\r\n\t\t\t\t\t\t\t\t\t\r\n\t\t\t\t\t\t\t\t\t\t\t\t\t\t<\/div>\r\n\t\t\t<\/div>\r\n\r\n\t\t\t<script>\r\n\t\t\tjQuery(function($) {\r\n\r\n\t\t\t\tvar marginPortfolio = function() {\r\n\r\n\t\t\t\t\tvar $diapo          = $('#sevgallery-928001530');\r\n\t\t\t\t\tvar container_width = $diapo.parent().outerWidth();\r\n\t\t\t\t\tvar side            = ( $(window).innerWidth() - container_width ) \/ 2;\r\n\r\n\t\t\t\t\t$diapo.css( {\r\n\t\t\t\t\t\t'margin-left': '-' + side + 'px',\r\n\t\t\t\t\t\t'margin-right': '-' + side + 'px',\r\n\t\t\t\t\t} );\r\n\t\t\t\t};\r\n\r\n\t\t\t\t$( window ).resize( function() {\r\n\t\t\t\t\tmarginPortfolio();\r\n\t\t\t\t} );\r\n\t\t\t\tmarginPortfolio();\r\n\t\t\t});\r\n\t\t\t<\/script>\r\n\t\t\t<\/div>","protected":false},"excerpt":{"rendered":"<p>W\u00e4hrend Ihres Aufenthalts auf dem Campingplatz Les Ramiers sollten Sie unbedingt in Richtung La Roche sur Yon fahren. Als Gro\u00dfstadt in der Vend\u00e9e bietet diese Gemeinde eine F\u00fclle von Aktivit\u00e4ten. Rund um die Kultur Dort k\u00f6nnen Sie zum Beispiel das Gest\u00fct Haras de Vend\u00e9e finden. Den ganzen Sommer \u00fcber ge\u00f6ffnet, k\u00f6nnen Sie sich Pferdeshows ansehen [&hellip;]<\/p>\n","protected":false},"author":1,"featured_media":0,"parent":22934,"menu_order":0,"comment_status":"closed","ping_status":"closed","template":"","meta":{"_seopress_robots_primary_cat":"","_seopress_titles_title":"Die Stadt La Roche sur Yon erwartet Sie diesen Sommer","_seopress_titles_desc":"Besuchen Sie diese charmante Gemeinde w\u00e4hrend Ihres Aufenthalts an der K\u00fcste der Vend\u00e9e.","_seopress_robots_index":"","footnotes":""},"class_list":["post-22945","page","type-page","status-publish","hentry"],"_links":{"self":[{"href":"https:\/\/campinglesramiers.com\/de\/wp-json\/wp\/v2\/pages\/22945","targetHints":{"allow":["GET"]}}],"collection":[{"href":"https:\/\/campinglesramiers.com\/de\/wp-json\/wp\/v2\/pages"}],"about":[{"href":"https:\/\/campinglesramiers.com\/de\/wp-json\/wp\/v2\/types\/page"}],"author":[{"embeddable":true,"href":"https:\/\/campinglesramiers.com\/de\/wp-json\/wp\/v2\/users\/1"}],"replies":[{"embeddable":true,"href":"https:\/\/campinglesramiers.com\/de\/wp-json\/wp\/v2\/comments?post=22945"}],"version-history":[{"count":0,"href":"https:\/\/campinglesramiers.com\/de\/wp-json\/wp\/v2\/pages\/22945\/revisions"}],"up":[{"embeddable":true,"href":"https:\/\/campinglesramiers.com\/de\/wp-json\/wp\/v2\/pages\/22934"}],"wp:attachment":[{"href":"https:\/\/campinglesramiers.com\/de\/wp-json\/wp\/v2\/media?parent=22945"}],"curies":[{"name":"wp","href":"https:\/\/api.w.org\/{rel}","templated":true}]}}