{"id":22948,"date":"2023-07-17T15:38:53","date_gmt":"2023-07-17T13:38:53","guid":{"rendered":"https:\/\/campinglesramiers.com\/die-inseln\/"},"modified":"2023-07-17T15:38:53","modified_gmt":"2023-07-17T13:38:53","slug":"die-inseln","status":"publish","type":"page","link":"https:\/\/campinglesramiers.com\/de\/meer-und-inselseite\/die-inseln\/","title":{"rendered":"Die Inseln"},"content":{"rendered":"\n<h2 class=\"wp-block-heading\">Die Insel Yeu<\/h2>\n\n\n\n<p>F\u00fcr eine ruhige und friedliche Zeit ist die \u00cele d&#8217;Yeu der ideale Ort. Gehen Sie auf den Pfaden, um ungew\u00f6hnliche Orte und die Landschaft der Insel zu entdecken. 23km\u00b2 Gl\u00fcck! Die vielf\u00e4ltigen Landschaften werden Sie begeistern: wei\u00dfe Sandstr\u00e4nde, Buchten, Felsen, W\u00e4lder&#8230;  <\/p>\n\n\n\n<p>Sie k\u00f6nnen die Insel Yeu auf dem Seeweg von Fromentine aus in 45 Minuten oder von Saint Gilles Croix de Vie aus in 1 Stunde erreichen.&nbsp;Wenn Sie einmal da sind, k\u00f6nnen Sie alles mit dem Fahrrad machen, also z\u00f6gern Sie nicht, sich vor Ort oder auf dem Festland ein Fahrrad zu leihen, sie sind in der Saison sehr beliebt.  <\/p>\n\n\n<div class=\"wp-block-sev-diaporama alignfull\">\t\t\t<div id=\"sevgallery-1746952086\" class=\"sev-diaporama sev-diaporama-portfolio\">\r\n\t\t\t<div class=\"row\">\r\n\r\n\t\t\t\r\n\t\t\t\t\r\n\t\t\t\t<div class=\"sev-diaporama-portfolio-item col-12 col-sm  col-shrink\">\r\n\r\n\t\t\t\t\t\t\t\t\t\t<a href=\"https:\/\/campinglesramiers.com\/wp-content\/uploads\/2023\/07\/ile-d-yeu-IMG_8425-Personnalise.jpg\" data-lightbox=\"sevgallery-1746952086\" style=\"background-image: url(https:\/\/campinglesramiers.com\/wp-content\/uploads\/2023\/07\/ile-d-yeu-IMG_8425-Personnalise.jpg)\">\r\n\t\t\t\t\t\t\t\t\t\t\t<img decoding=\"async\" src=\"https:\/\/campinglesramiers.com\/wp-content\/uploads\/2023\/07\/ile-d-yeu-IMG_8425-Personnalise.jpg\" alt=\"chateau de l&#039;ile d&#039;yeu\" loading=\"lazy\">\r\n\t\t\t\t\t\t\t\t\t\t<\/a>\r\n\t\t\t\t\t\t\t\t\t<\/div>\r\n\r\n\t\t\t\t\r\n\t\t\t\t\t\t\t\t\t\t\t\r\n\t\t\t\t\r\n\t\t\t\t<div class=\"sev-diaporama-portfolio-item col-12 col-sm  col-grow\">\r\n\r\n\t\t\t\t\t\t\t\t\t\t<a href=\"https:\/\/campinglesramiers.com\/wp-content\/uploads\/2023\/07\/ile-d-yeu-IMG_8569-Personnalise.jpg\" data-lightbox=\"sevgallery-1746952086\" style=\"background-image: url(https:\/\/campinglesramiers.com\/wp-content\/uploads\/2023\/07\/ile-d-yeu-IMG_8569-Personnalise.jpg)\">\r\n\t\t\t\t\t\t\t\t\t\t\t<img decoding=\"async\" src=\"https:\/\/campinglesramiers.com\/wp-content\/uploads\/2023\/07\/ile-d-yeu-IMG_8569-Personnalise.jpg\" alt=\"l&#039;ile d&#039;yeu\" loading=\"lazy\">\r\n\t\t\t\t\t\t\t\t\t\t<\/a>\r\n\t\t\t\t\t\t\t\t\t<\/div>\r\n\r\n\t\t\t\t\r\n\t\t\t\t\t\t\t\t\t\t\t\r\n\t\t\t\t\r\n\t\t\t\t<div class=\"sev-diaporama-portfolio-item col-12 col-sm  col-shrink\">\r\n\r\n\t\t\t\t\t\t\t\t\t\t<a href=\"https:\/\/campinglesramiers.com\/wp-content\/uploads\/2023\/07\/ile-d-yeu-IMG_8590-Personnalise.jpg\" data-lightbox=\"sevgallery-1746952086\" style=\"background-image: url(https:\/\/campinglesramiers.com\/wp-content\/uploads\/2023\/07\/ile-d-yeu-IMG_8590-Personnalise.jpg)\">\r\n\t\t\t\t\t\t\t\t\t\t\t<img decoding=\"async\" src=\"https:\/\/campinglesramiers.com\/wp-content\/uploads\/2023\/07\/ile-d-yeu-IMG_8590-Personnalise.jpg\" alt=\"l&#039;ile d&#039;yeu\" loading=\"lazy\">\r\n\t\t\t\t\t\t\t\t\t\t<\/a>\r\n\t\t\t\t\t\t\t\t\t<\/div>\r\n\r\n\t\t\t\t\t\t\t\t\t<div class=\"w-100\"><\/div>\r\n\t\t\t\t\t\t\t\t\t\r\n\t\t\t\t\t\t\t\t\t\t\t\t\t\t<\/div>\r\n\t\t\t<\/div>\r\n\r\n\t\t\t<script>\r\n\t\t\tjQuery(function($) {\r\n\r\n\t\t\t\tvar marginPortfolio = function() {\r\n\r\n\t\t\t\t\tvar $diapo          = $('#sevgallery-1746952086');\r\n\t\t\t\t\tvar container_width = $diapo.parent().outerWidth();\r\n\t\t\t\t\tvar side            = ( $(window).innerWidth() - container_width ) \/ 2;\r\n\r\n\t\t\t\t\t$diapo.css( {\r\n\t\t\t\t\t\t'margin-left': '-' + side + 'px',\r\n\t\t\t\t\t\t'margin-right': '-' + side + 'px',\r\n\t\t\t\t\t} );\r\n\t\t\t\t};\r\n\r\n\t\t\t\t$( window ).resize( function() {\r\n\t\t\t\t\tmarginPortfolio();\r\n\t\t\t\t} );\r\n\t\t\t\tmarginPortfolio();\r\n\t\t\t});\r\n\t\t\t<\/script>\r\n\t\t\t<\/div>\n\n\n<h2 class=\"wp-block-heading\">Die Insel Noirmoutier<\/h2>\n\n\n\n<p>Fahren Sie auf der Insel Noirmoutier \u00fcber die legend\u00e4re Route der Passage du Gois, die nur bei Ebbe oder \u00fcber die klassische Br\u00fccke zug\u00e4nglich ist. Sie k\u00f6nnen die Insel Noirmoutier mit dem Fahrrad erkunden und dabei die zahlreichen Radwege nutzen, die sich Ihnen bieten.&nbsp;<\/p>\n\n\n\n<p><strong>Atemberaubende Landschaften erwarten Sie!&nbsp;<\/strong><\/p>\n\n\n\n<p>Noirmoutier ist bei den gro\u00dfen Gezeiten auch wegen der Fischerei und des ber\u00fchmten Laufs &#8220;&nbsp;Les Foul\u00e9es Du Gois&nbsp;&#8222;, der jedes Jahr im Juli stattfindet, sehr beliebt. Dieses Rennen findet \u00fcber 4 Kilometer gegen die auflaufende Flut in einer spektakul\u00e4ren Konfrontation zwischen Mensch und Natur statt. Dieses Rennen, das von der Presse wegen seiner gef\u00fcrchteten Kopfsteinpflaster als &#8222;Paris-Roubaix aquatique&#8220; oder &#8222;L&#8217;enfer vend\u00e9en&#8220; bezeichnet wurde, zieht Tausende von Zuschauern auf die Trib\u00fcnen, die direkt am Ozean in einer au\u00dfergew\u00f6hnlichen Umgebung errichtet wurden.<\/p>\n\n\n\n<p>Die wichtigsten Produkte der Insel sind Salz und Kartoffeln, die Sie vor der Abreise kaufen und nach der R\u00fcckkehr auf den Campingplatz probieren sollten.<\/p>\n\n\n<div class=\"wp-block-sev-diaporama alignfull\">\t\t\t<div id=\"sevgallery-3689834978\" class=\"sev-diaporama sev-diaporama-portfolio\">\r\n\t\t\t<div class=\"row\">\r\n\r\n\t\t\t\r\n\t\t\t\t\r\n\t\t\t\t<div class=\"sev-diaporama-portfolio-item col-12 col-sm \">\r\n\r\n\t\t\t\t\t\t\t\t\t\t<a href=\"https:\/\/campinglesramiers.com\/wp-content\/uploads\/2023\/07\/IMG_2741-Personnalise.jpg\" data-lightbox=\"sevgallery-3689834978\" style=\"background-image: url(https:\/\/campinglesramiers.com\/wp-content\/uploads\/2023\/07\/IMG_2741-Personnalise.jpg)\">\r\n\t\t\t\t\t\t\t\t\t\t\t<img decoding=\"async\" src=\"https:\/\/campinglesramiers.com\/wp-content\/uploads\/2023\/07\/IMG_2741-Personnalise.jpg\" alt=\"baie l&#039;ile de noirmoutier\" loading=\"lazy\">\r\n\t\t\t\t\t\t\t\t\t\t<\/a>\r\n\t\t\t\t\t\t\t\t\t<\/div>\r\n\r\n\t\t\t\t\r\n\t\t\t\t\t\t\t\t\t\t\t\r\n\t\t\t\t\r\n\t\t\t\t<div class=\"sev-diaporama-portfolio-item col-12 col-sm \">\r\n\r\n\t\t\t\t\t\t\t\t\t\t<a href=\"https:\/\/campinglesramiers.com\/wp-content\/uploads\/2023\/07\/Noirmoutier-herbaudiere-port-peche-embarcadere-2-Personnalise.jpg\" data-lightbox=\"sevgallery-3689834978\" style=\"background-image: url(https:\/\/campinglesramiers.com\/wp-content\/uploads\/2023\/07\/Noirmoutier-herbaudiere-port-peche-embarcadere-2-Personnalise.jpg)\">\r\n\t\t\t\t\t\t\t\t\t\t\t<img decoding=\"async\" src=\"https:\/\/campinglesramiers.com\/wp-content\/uploads\/2023\/07\/Noirmoutier-herbaudiere-port-peche-embarcadere-2-Personnalise.jpg\" alt=\"port ile de noirmoutier\" loading=\"lazy\">\r\n\t\t\t\t\t\t\t\t\t\t<\/a>\r\n\t\t\t\t\t\t\t\t\t<\/div>\r\n\r\n\t\t\t\t\r\n\t\t\t\t\t\t\t\t\t\t\t\r\n\t\t\t\t\r\n\t\t\t\t<div class=\"sev-diaporama-portfolio-item col-12 col-sm  col-shrink\">\r\n\r\n\t\t\t\t\t\t\t\t\t\t<a href=\"https:\/\/campinglesramiers.com\/wp-content\/uploads\/2023\/07\/L-Anse-Rouge-Bois-de-la-chaise-noirmoutier-IMG_8461-Personnalise.jpg\" data-lightbox=\"sevgallery-3689834978\" style=\"background-image: url(https:\/\/campinglesramiers.com\/wp-content\/uploads\/2023\/07\/L-Anse-Rouge-Bois-de-la-chaise-noirmoutier-IMG_8461-Personnalise.jpg)\">\r\n\t\t\t\t\t\t\t\t\t\t\t<img decoding=\"async\" src=\"https:\/\/campinglesramiers.com\/wp-content\/uploads\/2023\/07\/L-Anse-Rouge-Bois-de-la-chaise-noirmoutier-IMG_8461-Personnalise.jpg\" alt=\"plage l&#039;ile de noirmoutier\" loading=\"lazy\">\r\n\t\t\t\t\t\t\t\t\t\t<\/a>\r\n\t\t\t\t\t\t\t\t\t<\/div>\r\n\r\n\t\t\t\t\t\t\t\t\t<div class=\"w-100\"><\/div>\r\n\t\t\t\t\t\t\t\t\t\r\n\t\t\t\t\t\t\t\t\t\t\t\t\t\t<\/div>\r\n\t\t\t<\/div>\r\n\r\n\t\t\t<script>\r\n\t\t\tjQuery(function($) {\r\n\r\n\t\t\t\tvar marginPortfolio = function() {\r\n\r\n\t\t\t\t\tvar $diapo          = $('#sevgallery-3689834978');\r\n\t\t\t\t\tvar container_width = $diapo.parent().outerWidth();\r\n\t\t\t\t\tvar side            = ( $(window).innerWidth() - container_width ) \/ 2;\r\n\r\n\t\t\t\t\t$diapo.css( {\r\n\t\t\t\t\t\t'margin-left': '-' + side + 'px',\r\n\t\t\t\t\t\t'margin-right': '-' + side + 'px',\r\n\t\t\t\t\t} );\r\n\t\t\t\t};\r\n\r\n\t\t\t\t$( window ).resize( function() {\r\n\t\t\t\t\tmarginPortfolio();\r\n\t\t\t\t} );\r\n\t\t\t\tmarginPortfolio();\r\n\t\t\t});\r\n\t\t\t<\/script>\r\n\t\t\t<\/div>","protected":false},"excerpt":{"rendered":"<p>Die Insel Yeu F\u00fcr eine ruhige und friedliche Zeit ist die \u00cele d&#8217;Yeu der ideale Ort. Gehen Sie auf den Pfaden, um ungew\u00f6hnliche Orte und die Landschaft der Insel zu entdecken. 23km\u00b2 Gl\u00fcck! Die vielf\u00e4ltigen Landschaften werden Sie begeistern: wei\u00dfe Sandstr\u00e4nde, Buchten, Felsen, W\u00e4lder&#8230; Sie k\u00f6nnen die Insel Yeu auf dem Seeweg von Fromentine aus [&hellip;]<\/p>\n","protected":false},"author":1,"featured_media":0,"parent":22949,"menu_order":-3,"comment_status":"closed","ping_status":"closed","template":"","meta":{"_seopress_robots_primary_cat":"","_seopress_titles_title":"Die Inseln Yeu und Noirmoutier \u00f6ffnen Ihnen die Arme","_seopress_titles_desc":"Nutzen Sie w\u00e4hrend Ihres Aufenthalts die Gelegenheit, um sich auf den Weg zu den wundersch\u00f6nen Inseln zu machen, die Ihnen die Augen \u00f6ffnen werden.","_seopress_robots_index":"","footnotes":""},"class_list":["post-22948","page","type-page","status-publish","hentry"],"_links":{"self":[{"href":"https:\/\/campinglesramiers.com\/de\/wp-json\/wp\/v2\/pages\/22948","targetHints":{"allow":["GET"]}}],"collection":[{"href":"https:\/\/campinglesramiers.com\/de\/wp-json\/wp\/v2\/pages"}],"about":[{"href":"https:\/\/campinglesramiers.com\/de\/wp-json\/wp\/v2\/types\/page"}],"author":[{"embeddable":true,"href":"https:\/\/campinglesramiers.com\/de\/wp-json\/wp\/v2\/users\/1"}],"replies":[{"embeddable":true,"href":"https:\/\/campinglesramiers.com\/de\/wp-json\/wp\/v2\/comments?post=22948"}],"version-history":[{"count":0,"href":"https:\/\/campinglesramiers.com\/de\/wp-json\/wp\/v2\/pages\/22948\/revisions"}],"up":[{"embeddable":true,"href":"https:\/\/campinglesramiers.com\/de\/wp-json\/wp\/v2\/pages\/22949"}],"wp:attachment":[{"href":"https:\/\/campinglesramiers.com\/de\/wp-json\/wp\/v2\/media?parent=22948"}],"curies":[{"name":"wp","href":"https:\/\/api.w.org\/{rel}","templated":true}]}}