{"id":22959,"date":"2023-07-17T15:34:03","date_gmt":"2023-07-17T13:34:03","guid":{"rendered":"https:\/\/campinglesramiers.com\/regnerischer-halber-tag-in-la-rochelle\/"},"modified":"2023-07-17T15:34:03","modified_gmt":"2023-07-17T13:34:03","slug":"regnerischer-halber-tag-in-la-rochelle","status":"publish","type":"page","link":"https:\/\/campinglesramiers.com\/de\/unsere-erfahrungen\/regnerischer-halber-tag-in-la-rochelle\/","title":{"rendered":"Regnerischer halber Tag in La Rochelle"},"content":{"rendered":"\n<p>W\u00e4hrend Ihres Aufenthalts auf dem Campingplatz Les Ramiers kann es vorkommen, dass das Wetter f\u00fcr einen Tag nicht zu Ihrem Vorteil ist. Lassen wir also f\u00fcr heute den Strand und die Spazierg\u00e4nge im Freien links liegen. Ich schlage stattdessen vor, dass Sie sich in Richtung La Rochelle bewegen. Sein wundersch\u00f6nes Aquarium ist ideal f\u00fcr einen Tag wie diesen. Er l\u00e4sst Sie sogar die Au\u00dfenwelt vergessen.<\/p>\n\n\n\n<h2 class=\"wp-block-heading\"><strong>Dann tauchen Sie mit mir in eine Meeresblase&nbsp;!<\/strong><\/h2>\n\n\n\n<div style=\"height:26px\" aria-hidden=\"true\" class=\"wp-block-spacer\"><\/div>\n\n\n\n<div class=\"wp-block-media-text alignwide is-stacked-on-mobile is-image-fill\"><figure class=\"wp-block-media-text__media\" style=\"background-image:url(https:\/\/campinglesramiers.com\/wp-content\/uploads\/2023\/07\/aquarium-la-rochelle-IMG_9095-Personnalise.jpg);background-position:50% 50%\"><img loading=\"lazy\" decoding=\"async\" width=\"900\" height=\"600\" src=\"https:\/\/campinglesramiers.com\/wp-content\/uploads\/2023\/07\/aquarium-la-rochelle-IMG_9095-Personnalise.jpg\" alt=\"aquarium von la rochelle\" class=\"wp-image-136 size-full\" srcset=\"https:\/\/campinglesramiers.com\/wp-content\/uploads\/2023\/07\/aquarium-la-rochelle-IMG_9095-Personnalise.jpg 900w, https:\/\/campinglesramiers.com\/wp-content\/uploads\/2023\/07\/aquarium-la-rochelle-IMG_9095-Personnalise-300x200.jpg 300w, https:\/\/campinglesramiers.com\/wp-content\/uploads\/2023\/07\/aquarium-la-rochelle-IMG_9095-Personnalise-768x512.jpg 768w\" sizes=\"auto, (max-width: 900px) 100vw, 900px\" \/><\/figure><div class=\"wp-block-media-text__content\">\n<p><em>Wissenswertes vor der Abreise&nbsp;:<\/em><\/p>\n\n\n\n<p>Die Eintrittskarten sind mit einem Zeitstempel versehen, sodass Sie Ihren kleinen Ausflug ins Aquarium im Voraus buchen sollten. Das Aquarium ist das ganze Jahr \u00fcber t\u00e4glich und besonders im Sommer (10. Juli bis 31. August) zwischen 8:30 und 23:00 Uhr ge\u00f6ffnet. Der letzte Eintrag kann also sp\u00e4testens um 21:30 Uhr erfolgen. Es gibt klassische und Premium-Tickets. Premiums erm\u00f6glichen eine fr\u00fchere Ankunft zum gleichen Preis wie herk\u00f6mmliche Tickets. Der Besuch dauert 1,5 Stunden.<\/p>\n\n\n\n<p>Vormittags oder nachmittags, w\u00e4hlen Sie Ihre bevorzugte Uhrzeit auf der Website des Aquariums&nbsp;: https: <a href=\"https:\/\/www.aquarium-larochelle.com\/\">\/\/www.aquarium-larochelle.com\/<\/a>.<\/p>\n\n\n\n<div style=\"height:26px\" aria-hidden=\"true\" class=\"wp-block-spacer\"><\/div>\n<\/div><\/div>\n\n\n\n<div class=\"wp-block-media-text alignwide has-media-on-the-right is-stacked-on-mobile is-image-fill\"><div class=\"wp-block-media-text__content\">\n<div style=\"height:35px\" aria-hidden=\"true\" class=\"wp-block-spacer\"><\/div>\n\n\n\n<p>Und nun lassen Sie sich tragen. Begeben Sie sich auf die Entdeckung von Arten aller Art. Stellen Sie sich darauf ein, in den Meeresboden eingetaucht zu werden. Sie werden dort nicht weniger als 600 verschiedene Arten antreffen. Hier gibt es 80 Aquarien und 20 verschiedene Arten von Haien.<\/p>\n\n\n\n<p>Neu in diesem Jahr ist, dass Sie an der Rezeption ein Aktivit\u00e4tsheft finden, das Gro\u00df und Klein durch den Besuch f\u00fchrt. Es kann zum Preis von 2 \u20ac 50 erworben werden.<\/p>\n\n\n\n<p>Machen Sie einen Spaziergang und entdecken Sie ihre Welten, von denen eine beeindruckender ist als die andere. Auf den Schautafeln k\u00f6nnen Sie mehr \u00fcber diese Arten, ihre Lebensweise und ihre Lebensr\u00e4ume erfahren. Der Besichtigungspfad f\u00fchrt dich zum Abschluss in den Shop, wo du dein kleines Souvenir finden kannst, bevor du dich wieder auf den Weg zu neuen Abenteuern machst.<\/p>\n\n\n\n<div style=\"height:35px\" aria-hidden=\"true\" class=\"wp-block-spacer\"><\/div>\n<\/div><figure class=\"wp-block-media-text__media\" style=\"background-image:url(https:\/\/campinglesramiers.com\/wp-content\/uploads\/2023\/07\/aquarium-la-rochelle-IMG_8939-Personnalise.jpg);background-position:50% 50%\"><img loading=\"lazy\" decoding=\"async\" width=\"900\" height=\"600\" src=\"https:\/\/campinglesramiers.com\/wp-content\/uploads\/2023\/07\/aquarium-la-rochelle-IMG_8939-Personnalise.jpg\" alt=\"aquarium von la rochelle\" class=\"wp-image-137 size-full\" srcset=\"https:\/\/campinglesramiers.com\/wp-content\/uploads\/2023\/07\/aquarium-la-rochelle-IMG_8939-Personnalise.jpg 900w, https:\/\/campinglesramiers.com\/wp-content\/uploads\/2023\/07\/aquarium-la-rochelle-IMG_8939-Personnalise-300x200.jpg 300w, https:\/\/campinglesramiers.com\/wp-content\/uploads\/2023\/07\/aquarium-la-rochelle-IMG_8939-Personnalise-768x512.jpg 768w\" sizes=\"auto, (max-width: 900px) 100vw, 900px\" \/><\/figure><\/div>\n\n\n\n<div style=\"height:26px\" aria-hidden=\"true\" class=\"wp-block-spacer\"><\/div>\n\n\n\n<p>Um diesen sch\u00f6nen halben Tag abzuschlie\u00dfen, ein Mittagessen in einem der Restaurants in der N\u00e4he oder aber eine hei\u00dfe Schokolade mit einem Pfannkuchen als Snack, und schon ist die Sache erledigt.<\/p>\n\n\n<div class=\"wp-block-sev-diaporama alignfull\">\t\t\t<div id=\"sevgallery-4274038309\" class=\"sev-diaporama sev-diaporama-portfolio\">\r\n\t\t\t<div class=\"row\">\r\n\r\n\t\t\t\r\n\t\t\t\t\r\n\t\t\t\t<div class=\"sev-diaporama-portfolio-item col-12 col-sm \">\r\n\r\n\t\t\t\t\t\t\t\t\t\t<a href=\"https:\/\/campinglesramiers.com\/wp-content\/uploads\/2023\/07\/aquarium-la-rochelle-IMG_9170-Personnalise.jpg\" data-lightbox=\"sevgallery-4274038309\" style=\"background-image: url(https:\/\/campinglesramiers.com\/wp-content\/uploads\/2023\/07\/aquarium-la-rochelle-IMG_9170-Personnalise.jpg)\">\r\n\t\t\t\t\t\t\t\t\t\t\t<img decoding=\"async\" src=\"https:\/\/campinglesramiers.com\/wp-content\/uploads\/2023\/07\/aquarium-la-rochelle-IMG_9170-Personnalise.jpg\" alt=\"animation aquarium de la rochelle\" loading=\"lazy\">\r\n\t\t\t\t\t\t\t\t\t\t<\/a>\r\n\t\t\t\t\t\t\t\t\t<\/div>\r\n\r\n\t\t\t\t\r\n\t\t\t\t\t\t\t\t\t\t\t\r\n\t\t\t\t\r\n\t\t\t\t<div class=\"sev-diaporama-portfolio-item col-12 col-sm \">\r\n\r\n\t\t\t\t\t\t\t\t\t\t<a href=\"https:\/\/campinglesramiers.com\/wp-content\/uploads\/2023\/07\/aquarium-la-rochelle-IMG_8782-Personnalise.jpg\" data-lightbox=\"sevgallery-4274038309\" style=\"background-image: url(https:\/\/campinglesramiers.com\/wp-content\/uploads\/2023\/07\/aquarium-la-rochelle-IMG_8782-Personnalise.jpg)\">\r\n\t\t\t\t\t\t\t\t\t\t\t<img decoding=\"async\" src=\"https:\/\/campinglesramiers.com\/wp-content\/uploads\/2023\/07\/aquarium-la-rochelle-IMG_8782-Personnalise.jpg\" alt=\"poissons aquarium de la rochelle\" loading=\"lazy\">\r\n\t\t\t\t\t\t\t\t\t\t<\/a>\r\n\t\t\t\t\t\t\t\t\t<\/div>\r\n\r\n\t\t\t\t\r\n\t\t\t\t\t\t\t\t\t\t\t\r\n\t\t\t\t\r\n\t\t\t\t<div class=\"sev-diaporama-portfolio-item col-12 col-sm  col-shrink\">\r\n\r\n\t\t\t\t\t\t\t\t\t\t<a href=\"https:\/\/campinglesramiers.com\/wp-content\/uploads\/2023\/07\/aquarium-la-rochelle-IMG_9070-Personnalise.jpg\" data-lightbox=\"sevgallery-4274038309\" style=\"background-image: url(https:\/\/campinglesramiers.com\/wp-content\/uploads\/2023\/07\/aquarium-la-rochelle-IMG_9070-Personnalise.jpg)\">\r\n\t\t\t\t\t\t\t\t\t\t\t<img decoding=\"async\" src=\"https:\/\/campinglesramiers.com\/wp-content\/uploads\/2023\/07\/aquarium-la-rochelle-IMG_9070-Personnalise.jpg\" alt=\"visite de l&#039;aquarium de la rochelle\" loading=\"lazy\">\r\n\t\t\t\t\t\t\t\t\t\t<\/a>\r\n\t\t\t\t\t\t\t\t\t<\/div>\r\n\r\n\t\t\t\t\t\t\t\t\t<div class=\"w-100\"><\/div>\r\n\t\t\t\t\t\t\t\t\t\r\n\t\t\t\t\t\t\t\t\t\t\t\t\t\t<\/div>\r\n\t\t\t<\/div>\r\n\r\n\t\t\t<script>\r\n\t\t\tjQuery(function($) {\r\n\r\n\t\t\t\tvar marginPortfolio = function() {\r\n\r\n\t\t\t\t\tvar $diapo          = $('#sevgallery-4274038309');\r\n\t\t\t\t\tvar container_width = $diapo.parent().outerWidth();\r\n\t\t\t\t\tvar side            = ( $(window).innerWidth() - container_width ) \/ 2;\r\n\r\n\t\t\t\t\t$diapo.css( {\r\n\t\t\t\t\t\t'margin-left': '-' + side + 'px',\r\n\t\t\t\t\t\t'margin-right': '-' + side + 'px',\r\n\t\t\t\t\t} );\r\n\t\t\t\t};\r\n\r\n\t\t\t\t$( window ).resize( function() {\r\n\t\t\t\t\tmarginPortfolio();\r\n\t\t\t\t} );\r\n\t\t\t\tmarginPortfolio();\r\n\t\t\t});\r\n\t\t\t<\/script>\r\n\t\t\t<\/div>","protected":false},"excerpt":{"rendered":"<p>W\u00e4hrend Ihres Aufenthalts auf dem Campingplatz Les Ramiers kann es vorkommen, dass das Wetter f\u00fcr einen Tag nicht zu Ihrem Vorteil ist. Lassen wir also f\u00fcr heute den Strand und die Spazierg\u00e4nge im Freien links liegen. Ich schlage stattdessen vor, dass Sie sich in Richtung La Rochelle bewegen. Sein wundersch\u00f6nes Aquarium ist ideal f\u00fcr einen [&hellip;]<\/p>\n","protected":false},"author":1,"featured_media":0,"parent":22969,"menu_order":0,"comment_status":"closed","ping_status":"closed","template":"","meta":{"_seopress_robots_primary_cat":"","_seopress_titles_title":"Bei Regen treffen wir uns in La Rochelle","_seopress_titles_desc":"Verbringen Sie einen halben Tag in La Rochelle, egal wie schlecht das Wetter ist.  ","_seopress_robots_index":"","footnotes":""},"class_list":["post-22959","page","type-page","status-publish","hentry"],"_links":{"self":[{"href":"https:\/\/campinglesramiers.com\/de\/wp-json\/wp\/v2\/pages\/22959","targetHints":{"allow":["GET"]}}],"collection":[{"href":"https:\/\/campinglesramiers.com\/de\/wp-json\/wp\/v2\/pages"}],"about":[{"href":"https:\/\/campinglesramiers.com\/de\/wp-json\/wp\/v2\/types\/page"}],"author":[{"embeddable":true,"href":"https:\/\/campinglesramiers.com\/de\/wp-json\/wp\/v2\/users\/1"}],"replies":[{"embeddable":true,"href":"https:\/\/campinglesramiers.com\/de\/wp-json\/wp\/v2\/comments?post=22959"}],"version-history":[{"count":0,"href":"https:\/\/campinglesramiers.com\/de\/wp-json\/wp\/v2\/pages\/22959\/revisions"}],"up":[{"embeddable":true,"href":"https:\/\/campinglesramiers.com\/de\/wp-json\/wp\/v2\/pages\/22969"}],"wp:attachment":[{"href":"https:\/\/campinglesramiers.com\/de\/wp-json\/wp\/v2\/media?parent=22959"}],"curies":[{"name":"wp","href":"https:\/\/api.w.org\/{rel}","templated":true}]}}