{"id":22622,"date":"2023-07-18T11:29:46","date_gmt":"2023-07-18T09:29:46","guid":{"rendered":"https:\/\/campinglesramiers.com\/poitevin-marshes\/"},"modified":"2023-07-18T11:29:46","modified_gmt":"2023-07-18T09:29:46","slug":"poitevin-marshes","status":"publish","type":"page","link":"https:\/\/campinglesramiers.com\/en\/nature\/poitevin-marshes\/","title":{"rendered":"Poitevin marshes"},"content":{"rendered":"\n<p>The Marais Poitevin covers some 100,000 hectares, with guided walks to help you understand the marsh. Today, thousands of waterways vibrate to the rhythm of boats and walkers in a gentle melody of enchanting scenery. Come and enjoy the Marais Poitevin where&nbsp;trees and water reign in perfect harmony. The flora and fauna are protected to provide a calm and soothing environment.<\/p>\n\n\n\n<div class=\"wp-block-columns is-layout-flex wp-container-core-columns-is-layout-28f84493 wp-block-columns-is-layout-flex\">\n<div class=\"wp-block-column is-vertically-aligned-center is-layout-flow wp-block-column-is-layout-flow\" style=\"flex-basis:50%\">\n<figure class=\"wp-block-image size-large\"><img loading=\"lazy\" decoding=\"async\" width=\"1024\" height=\"576\" src=\"https:\/\/campinglesramiers.com\/wp-content\/uploads\/2023\/07\/DSC_0011-1024x576.jpg\" alt=\"\" class=\"wp-image-225\" srcset=\"https:\/\/campinglesramiers.com\/wp-content\/uploads\/2023\/07\/DSC_0011-1024x576.jpg 1024w, https:\/\/campinglesramiers.com\/wp-content\/uploads\/2023\/07\/DSC_0011-300x169.jpg 300w, https:\/\/campinglesramiers.com\/wp-content\/uploads\/2023\/07\/DSC_0011-768x432.jpg 768w, https:\/\/campinglesramiers.com\/wp-content\/uploads\/2023\/07\/DSC_0011.jpg 1100w\" sizes=\"auto, (max-width: 1024px) 100vw, 1024px\" \/><\/figure>\n<\/div>\n\n\n\n<div class=\"wp-block-column is-layout-flow wp-block-column-is-layout-flow\" style=\"flex-basis:50%\">\n<p>For&nbsp;an unforgettable day, we recommend the Embarcad\u00e8res Cardinaux and Prada. (Qualit\u00e9 Tourisme&nbsp;, Embarcad\u00e8re Qualit\u00e9 Marais Poitevin Accueil V\u00e9lo).<\/p>\n\n\n\n<p>Open all year round.<\/p>\n\n\n\n<p>Tours with boatmen ensure a dexterous ride. They&#8217;ll reveal the secrets of the Marais Poitevin.<\/p>\n\n\n\n<p><a rel=\"noreferrer noopener\" href=\"http:\/\/www.le-maraispoitevin.com\/\" target=\"_blank\">www.le-maraispoitevin.com<\/a><br>or&nbsp;<a rel=\"noreferrer noopener\" href=\"http:\/\/www.embarcadere-cardinaud.fr\/\" target=\"_blank\">www.embarcadere-cardinaud.fr<\/a><br>or Telephone: 05 49 35 90 47<\/p>\n<\/div>\n<\/div>\n\n\n\n<p><\/p>\n\n\n<div class=\"wp-block-sev-diaporama alignfull\">\t\t\t<div id=\"sevgallery-1245005847\" class=\"sev-diaporama sev-diaporama-portfolio\">\r\n\t\t\t<div class=\"row\">\r\n\r\n\t\t\t\r\n\t\t\t\t\r\n\t\t\t\t<div class=\"sev-diaporama-portfolio-item col-12 col-sm  col-grow\">\r\n\r\n\t\t\t\t\t\t\t\t\t\t<a href=\"https:\/\/campinglesramiers.com\/wp-content\/uploads\/2023\/07\/maison-bleue-marais-poitevin.jpg\" data-lightbox=\"sevgallery-1245005847\" style=\"background-image: url(https:\/\/campinglesramiers.com\/wp-content\/uploads\/2023\/07\/maison-bleue-marais-poitevin.jpg)\">\r\n\t\t\t\t\t\t\t\t\t\t\t<img decoding=\"async\" src=\"https:\/\/campinglesramiers.com\/wp-content\/uploads\/2023\/07\/maison-bleue-marais-poitevin.jpg\" alt=\"\" loading=\"lazy\">\r\n\t\t\t\t\t\t\t\t\t\t<\/a>\r\n\t\t\t\t\t\t\t\t\t<\/div>\r\n\r\n\t\t\t\t\r\n\t\t\t\t\t\t\t\t\t\t\t\r\n\t\t\t\t\r\n\t\t\t\t<div class=\"sev-diaporama-portfolio-item col-12 col-sm \">\r\n\r\n\t\t\t\t\t\t\t\t\t\t<a href=\"https:\/\/campinglesramiers.com\/wp-content\/uploads\/2023\/07\/IMG_4067-1.jpg\" data-lightbox=\"sevgallery-1245005847\" style=\"background-image: url(https:\/\/campinglesramiers.com\/wp-content\/uploads\/2023\/07\/IMG_4067-1.jpg)\">\r\n\t\t\t\t\t\t\t\t\t\t\t<img decoding=\"async\" src=\"https:\/\/campinglesramiers.com\/wp-content\/uploads\/2023\/07\/IMG_4067-1.jpg\" alt=\"\" loading=\"lazy\">\r\n\t\t\t\t\t\t\t\t\t\t<\/a>\r\n\t\t\t\t\t\t\t\t\t<\/div>\r\n\r\n\t\t\t\t\r\n\t\t\t\t\t\t\t\t\t\t\t\r\n\t\t\t\t\r\n\t\t\t\t<div class=\"sev-diaporama-portfolio-item col-12 col-sm  col-grow\">\r\n\r\n\t\t\t\t\t\t\t\t\t\t<a href=\"https:\/\/campinglesramiers.com\/wp-content\/uploads\/2023\/07\/DSCN2159.jpg\" data-lightbox=\"sevgallery-1245005847\" style=\"background-image: url(https:\/\/campinglesramiers.com\/wp-content\/uploads\/2023\/07\/DSCN2159.jpg)\">\r\n\t\t\t\t\t\t\t\t\t\t\t<img decoding=\"async\" src=\"https:\/\/campinglesramiers.com\/wp-content\/uploads\/2023\/07\/DSCN2159.jpg\" alt=\"\" loading=\"lazy\">\r\n\t\t\t\t\t\t\t\t\t\t<\/a>\r\n\t\t\t\t\t\t\t\t\t<\/div>\r\n\r\n\t\t\t\t\t\t\t\t\t<div class=\"w-100\"><\/div>\r\n\t\t\t\t\t\t\t\t\t\r\n\t\t\t\t\t\t\t\t\t\t\t\r\n\t\t\t\t\r\n\t\t\t\t<div class=\"sev-diaporama-portfolio-item col-12 col-sm \">\r\n\r\n\t\t\t\t\t\t\t\t\t\t<a href=\"https:\/\/campinglesramiers.com\/wp-content\/uploads\/2023\/07\/CARD5995.jpg\" data-lightbox=\"sevgallery-1245005847\" style=\"background-image: url(https:\/\/campinglesramiers.com\/wp-content\/uploads\/2023\/07\/CARD5995.jpg)\">\r\n\t\t\t\t\t\t\t\t\t\t\t<img decoding=\"async\" src=\"https:\/\/campinglesramiers.com\/wp-content\/uploads\/2023\/07\/CARD5995.jpg\" alt=\"\" loading=\"lazy\">\r\n\t\t\t\t\t\t\t\t\t\t<\/a>\r\n\t\t\t\t\t\t\t\t\t<\/div>\r\n\r\n\t\t\t\t\r\n\t\t\t\t\t\t\t\t\t\t\t\r\n\t\t\t\t\r\n\t\t\t\t<div class=\"sev-diaporama-portfolio-item col-12 col-sm \">\r\n\r\n\t\t\t\t\t\t\t\t\t\t<a href=\"https:\/\/campinglesramiers.com\/wp-content\/uploads\/2023\/07\/CARD8282.jpg\" data-lightbox=\"sevgallery-1245005847\" style=\"background-image: url(https:\/\/campinglesramiers.com\/wp-content\/uploads\/2023\/07\/CARD8282.jpg)\">\r\n\t\t\t\t\t\t\t\t\t\t\t<img decoding=\"async\" src=\"https:\/\/campinglesramiers.com\/wp-content\/uploads\/2023\/07\/CARD8282.jpg\" alt=\"\" loading=\"lazy\">\r\n\t\t\t\t\t\t\t\t\t\t<\/a>\r\n\t\t\t\t\t\t\t\t\t<\/div>\r\n\r\n\t\t\t\t\r\n\t\t\t\t\t\t\t\t\t\t\t\t\t\t<\/div>\r\n\t\t\t<\/div>\r\n\r\n\t\t\t<script>\r\n\t\t\tjQuery(function($) {\r\n\r\n\t\t\t\tvar marginPortfolio = function() {\r\n\r\n\t\t\t\t\tvar $diapo          = $('#sevgallery-1245005847');\r\n\t\t\t\t\tvar container_width = $diapo.parent().outerWidth();\r\n\t\t\t\t\tvar side            = ( $(window).innerWidth() - container_width ) \/ 2;\r\n\r\n\t\t\t\t\t$diapo.css( {\r\n\t\t\t\t\t\t'margin-left': '-' + side + 'px',\r\n\t\t\t\t\t\t'margin-right': '-' + side + 'px',\r\n\t\t\t\t\t} );\r\n\t\t\t\t};\r\n\r\n\t\t\t\t$( window ).resize( function() {\r\n\t\t\t\t\tmarginPortfolio();\r\n\t\t\t\t} );\r\n\t\t\t\tmarginPortfolio();\r\n\t\t\t});\r\n\t\t\t<\/script>\r\n\t\t\t<\/div>","protected":false},"excerpt":{"rendered":"<p>The Marais Poitevin covers some 100,000 hectares, with guided walks to help you understand the marsh. Today, thousands of waterways vibrate to the rhythm of boats and walkers in a gentle melody of enchanting scenery. Come and enjoy the Marais Poitevin where&nbsp;trees and water reign in perfect harmony. The flora and fauna are protected to [&hellip;]<\/p>\n","protected":false},"author":1,"featured_media":0,"parent":22634,"menu_order":0,"comment_status":"closed","ping_status":"closed","template":"","meta":{"_seopress_robots_primary_cat":"","_seopress_titles_title":"The Poitevin marshlands are just a stone's throw away","_seopress_titles_desc":"Close to the campsite, the Marais Poitevin offers you incredible visits in an exceptional green setting.","_seopress_robots_index":"","footnotes":""},"class_list":["post-22622","page","type-page","status-publish","hentry"],"_links":{"self":[{"href":"https:\/\/campinglesramiers.com\/en\/wp-json\/wp\/v2\/pages\/22622","targetHints":{"allow":["GET"]}}],"collection":[{"href":"https:\/\/campinglesramiers.com\/en\/wp-json\/wp\/v2\/pages"}],"about":[{"href":"https:\/\/campinglesramiers.com\/en\/wp-json\/wp\/v2\/types\/page"}],"author":[{"embeddable":true,"href":"https:\/\/campinglesramiers.com\/en\/wp-json\/wp\/v2\/users\/1"}],"replies":[{"embeddable":true,"href":"https:\/\/campinglesramiers.com\/en\/wp-json\/wp\/v2\/comments?post=22622"}],"version-history":[{"count":0,"href":"https:\/\/campinglesramiers.com\/en\/wp-json\/wp\/v2\/pages\/22622\/revisions"}],"up":[{"embeddable":true,"href":"https:\/\/campinglesramiers.com\/en\/wp-json\/wp\/v2\/pages\/22634"}],"wp:attachment":[{"href":"https:\/\/campinglesramiers.com\/en\/wp-json\/wp\/v2\/media?parent=22622"}],"curies":[{"name":"wp","href":"https:\/\/api.w.org\/{rel}","templated":true}]}}