{"id":22630,"date":"2023-07-17T16:30:22","date_gmt":"2023-07-17T14:30:22","guid":{"rendered":"https:\/\/campinglesramiers.com\/talmont-saint-hilaire\/"},"modified":"2023-07-17T16:30:22","modified_gmt":"2023-07-17T14:30:22","slug":"talmont-saint-hilaire","status":"publish","type":"page","link":"https:\/\/campinglesramiers.com\/en\/city-side\/talmont-saint-hilaire\/","title":{"rendered":"Talmont Saint Hilaire"},"content":{"rendered":"\n<p>Just 20 minutes from the campsite, you&#8217;ll find the town of Jard Sur Mer, with its marina, mill, abbey, shops and Monday morning market.<\/p>\n\n\n\n<p>Talmont Saint Hilaire follows shortly afterwards with :<\/p>\n\n\n\n<ul class=\"wp-block-list\">\n<li>its marina (Port Bourgenay)&nbsp;<\/li>\n\n\n\n<li>Its 18-hole Blue Green golf course,<\/li>\n\n\n\n<li>The Vend\u00e9e Aquarium, with over 500 species from the 4 corners of the globe&nbsp;;<\/li>\n\n\n\n<li>The car museum with over 200 vehicles from 1885 to the present&nbsp;;<\/li>\n\n\n\n<li>Talmont Castle, an 11th-century fortress + escape game;<\/li>\n\n\n\n<li>The Ch\u00e2teau de la Guignardi\u00e8re in Avrill\u00e9 with several festivities, including the pirate festival&nbsp;;<\/li>\n\n\n\n<li>And last but not least, La Guitti\u00e8re, a small oyster port.<\/li>\n<\/ul>\n\n\n<div class=\"wp-block-sev-diaporama alignfull\">\t\t\t<div id=\"sevgallery-217938304\" class=\"sev-diaporama sev-diaporama-portfolio\">\r\n\t\t\t<div class=\"row\">\r\n\r\n\t\t\t\r\n\t\t\t\t\r\n\t\t\t\t<div class=\"sev-diaporama-portfolio-item col-12 col-sm \">\r\n\r\n\t\t\t\t\t\t\t\t\t\t<a href=\"https:\/\/campinglesramiers.com\/wp-content\/uploads\/2023\/07\/Port-bourgenay-talmont-st-hilaire-DSC_3422-Personnalise.jpg\" data-lightbox=\"sevgallery-217938304\" style=\"background-image: url(https:\/\/campinglesramiers.com\/wp-content\/uploads\/2023\/07\/Port-bourgenay-talmont-st-hilaire-DSC_3422-Personnalise.jpg)\">\r\n\t\t\t\t\t\t\t\t\t\t\t<img decoding=\"async\" src=\"https:\/\/campinglesramiers.com\/wp-content\/uploads\/2023\/07\/Port-bourgenay-talmont-st-hilaire-DSC_3422-Personnalise.jpg\" alt=\"\" loading=\"lazy\">\r\n\t\t\t\t\t\t\t\t\t\t<\/a>\r\n\t\t\t\t\t\t\t\t\t<\/div>\r\n\r\n\t\t\t\t\r\n\t\t\t\t\t\t\t\t\t\t\t\r\n\t\t\t\t\r\n\t\t\t\t<div class=\"sev-diaporama-portfolio-item col-12 col-sm  col-shrink\">\r\n\r\n\t\t\t\t\t\t\t\t\t\t<a href=\"https:\/\/campinglesramiers.com\/wp-content\/uploads\/2023\/07\/Photo-pointe-du-payre-anse-du-veillon-P1320001-Personnalise.jpg\" data-lightbox=\"sevgallery-217938304\" style=\"background-image: url(https:\/\/campinglesramiers.com\/wp-content\/uploads\/2023\/07\/Photo-pointe-du-payre-anse-du-veillon-P1320001-Personnalise.jpg)\">\r\n\t\t\t\t\t\t\t\t\t\t\t<img decoding=\"async\" src=\"https:\/\/campinglesramiers.com\/wp-content\/uploads\/2023\/07\/Photo-pointe-du-payre-anse-du-veillon-P1320001-Personnalise.jpg\" alt=\"\" loading=\"lazy\">\r\n\t\t\t\t\t\t\t\t\t\t<\/a>\r\n\t\t\t\t\t\t\t\t\t<\/div>\r\n\r\n\t\t\t\t\r\n\t\t\t\t\t\t\t\t\t\t\t\r\n\t\t\t\t\r\n\t\t\t\t<div class=\"sev-diaporama-portfolio-item col-12 col-sm \">\r\n\r\n\t\t\t\t\t\t\t\t\t\t<a href=\"https:\/\/campinglesramiers.com\/wp-content\/uploads\/2023\/07\/chateau-de-talmont-IMG_1942-Personnalise.jpg\" data-lightbox=\"sevgallery-217938304\" style=\"background-image: url(https:\/\/campinglesramiers.com\/wp-content\/uploads\/2023\/07\/chateau-de-talmont-IMG_1942-Personnalise.jpg)\">\r\n\t\t\t\t\t\t\t\t\t\t\t<img decoding=\"async\" src=\"https:\/\/campinglesramiers.com\/wp-content\/uploads\/2023\/07\/chateau-de-talmont-IMG_1942-Personnalise.jpg\" alt=\"\" loading=\"lazy\">\r\n\t\t\t\t\t\t\t\t\t\t<\/a>\r\n\t\t\t\t\t\t\t\t\t<\/div>\r\n\r\n\t\t\t\t\t\t\t\t\t<div class=\"w-100\"><\/div>\r\n\t\t\t\t\t\t\t\t\t\r\n\t\t\t\t\t\t\t\t\t\t\t\r\n\t\t\t\t\r\n\t\t\t\t<div class=\"sev-diaporama-portfolio-item col-12 col-sm  col-shrink\">\r\n\r\n\t\t\t\t\t\t\t\t\t\t<a href=\"https:\/\/campinglesramiers.com\/wp-content\/uploads\/2023\/07\/photo-aerienne-talmont-JPG_1460536-Personnalise.jpg\" data-lightbox=\"sevgallery-217938304\" style=\"background-image: url(https:\/\/campinglesramiers.com\/wp-content\/uploads\/2023\/07\/photo-aerienne-talmont-JPG_1460536-Personnalise.jpg)\">\r\n\t\t\t\t\t\t\t\t\t\t\t<img decoding=\"async\" src=\"https:\/\/campinglesramiers.com\/wp-content\/uploads\/2023\/07\/photo-aerienne-talmont-JPG_1460536-Personnalise.jpg\" alt=\"\" loading=\"lazy\">\r\n\t\t\t\t\t\t\t\t\t\t<\/a>\r\n\t\t\t\t\t\t\t\t\t<\/div>\r\n\r\n\t\t\t\t\r\n\t\t\t\t\t\t\t\t\t\t\t\r\n\t\t\t\t\r\n\t\t\t\t<div class=\"sev-diaporama-portfolio-item col-12 col-sm  col-grow\">\r\n\r\n\t\t\t\t\t\t\t\t\t\t<a href=\"https:\/\/campinglesramiers.com\/wp-content\/uploads\/2023\/07\/Port-bourgenay-talmont-st-hilaire-DSC_3419-Personnalise.jpg\" data-lightbox=\"sevgallery-217938304\" style=\"background-image: url(https:\/\/campinglesramiers.com\/wp-content\/uploads\/2023\/07\/Port-bourgenay-talmont-st-hilaire-DSC_3419-Personnalise.jpg)\">\r\n\t\t\t\t\t\t\t\t\t\t\t<img decoding=\"async\" src=\"https:\/\/campinglesramiers.com\/wp-content\/uploads\/2023\/07\/Port-bourgenay-talmont-st-hilaire-DSC_3419-Personnalise.jpg\" alt=\"\" loading=\"lazy\">\r\n\t\t\t\t\t\t\t\t\t\t<\/a>\r\n\t\t\t\t\t\t\t\t\t<\/div>\r\n\r\n\t\t\t\t\r\n\t\t\t\t\t\t\t\t\t\t\t\t\t\t<\/div>\r\n\t\t\t<\/div>\r\n\r\n\t\t\t<script>\r\n\t\t\tjQuery(function($) {\r\n\r\n\t\t\t\tvar marginPortfolio = function() {\r\n\r\n\t\t\t\t\tvar $diapo          = $('#sevgallery-217938304');\r\n\t\t\t\t\tvar container_width = $diapo.parent().outerWidth();\r\n\t\t\t\t\tvar side            = ( $(window).innerWidth() - container_width ) \/ 2;\r\n\r\n\t\t\t\t\t$diapo.css( {\r\n\t\t\t\t\t\t'margin-left': '-' + side + 'px',\r\n\t\t\t\t\t\t'margin-right': '-' + side + 'px',\r\n\t\t\t\t\t} );\r\n\t\t\t\t};\r\n\r\n\t\t\t\t$( window ).resize( function() {\r\n\t\t\t\t\tmarginPortfolio();\r\n\t\t\t\t} );\r\n\t\t\t\tmarginPortfolio();\r\n\t\t\t});\r\n\t\t\t<\/script>\r\n\t\t\t<\/div>","protected":false},"excerpt":{"rendered":"<p>Just 20 minutes from the campsite, you&#8217;ll find the town of Jard Sur Mer, with its marina, mill, abbey, shops and Monday morning market. Talmont Saint Hilaire follows shortly afterwards with :<\/p>\n","protected":false},"author":1,"featured_media":0,"parent":22643,"menu_order":0,"comment_status":"closed","ping_status":"closed","template":"","meta":{"_seopress_robots_primary_cat":"","_seopress_titles_title":"Talmont Saint Hilaire welcomes you near the campsite","_seopress_titles_desc":"Take time to enjoy Talmont Saint Hilaire during your summer vacations.","_seopress_robots_index":"","footnotes":""},"class_list":["post-22630","page","type-page","status-publish","hentry"],"_links":{"self":[{"href":"https:\/\/campinglesramiers.com\/en\/wp-json\/wp\/v2\/pages\/22630","targetHints":{"allow":["GET"]}}],"collection":[{"href":"https:\/\/campinglesramiers.com\/en\/wp-json\/wp\/v2\/pages"}],"about":[{"href":"https:\/\/campinglesramiers.com\/en\/wp-json\/wp\/v2\/types\/page"}],"author":[{"embeddable":true,"href":"https:\/\/campinglesramiers.com\/en\/wp-json\/wp\/v2\/users\/1"}],"replies":[{"embeddable":true,"href":"https:\/\/campinglesramiers.com\/en\/wp-json\/wp\/v2\/comments?post=22630"}],"version-history":[{"count":0,"href":"https:\/\/campinglesramiers.com\/en\/wp-json\/wp\/v2\/pages\/22630\/revisions"}],"up":[{"embeddable":true,"href":"https:\/\/campinglesramiers.com\/en\/wp-json\/wp\/v2\/pages\/22643"}],"wp:attachment":[{"href":"https:\/\/campinglesramiers.com\/en\/wp-json\/wp\/v2\/media?parent=22630"}],"curies":[{"name":"wp","href":"https:\/\/api.w.org\/{rel}","templated":true}]}}