{"id":22653,"date":"2023-07-18T11:49:19","date_gmt":"2023-07-18T09:49:19","guid":{"rendered":"https:\/\/campinglesramiers.com\/leisure-activities\/ogliss-park\/"},"modified":"2023-07-18T11:49:19","modified_gmt":"2023-07-18T09:49:19","slug":"ogliss-park","status":"publish","type":"page","link":"https:\/\/campinglesramiers.com\/en\/leisure-activities\/ogliss-park\/","title":{"rendered":"O&#8217;Gliss Park"},"content":{"rendered":"\n<p>Just 15 minutes from the campsite, O&#8217;GLISS PARK welcomes you to a life-size water park covering more than 6 hectares.<\/p>\n\n\n\n<div class=\"wp-block-columns are-vertically-aligned-center is-layout-flex wp-container-core-columns-is-layout-28f84493 wp-block-columns-is-layout-flex\">\n<div class=\"wp-block-column is-vertically-aligned-center is-layout-flow wp-block-column-is-layout-flow\">\n<p>Opening in 2023 from 24\/06 to 31\/08 and 03\/09, there are 4 universes for young and old&nbsp;:<\/p>\n\n\n\n<ul class=\"wp-block-list\">\n<li>LudO&#8217;park, water park for children&nbsp;;<\/li>\n\n\n\n<li>Sunset&#8217;playa, beach atmosphere and relaxation&nbsp;;<\/li>\n\n\n\n<li>ExploralO&#8217;, a lush world of wild rivers (400m&nbsp; of trails and 4 tracks for 4 different levels of thrills);<\/li>\n\n\n\n<li>D\u00e9lir&#8217;Space, a thrill-seeking area with 12 exceptional slides;<\/li>\n\n\n\n<li>O&#8217;Cayo Island, an idyllic setting with its turquoise lagoon and waterfall.&nbsp;<\/li>\n\n\n\n<li>VIP BEACH, everything is planned for your well-being;<\/li>\n\n\n\n<li>Virtual Rafting, rafting as if you were there, thanks to virtual reality, from 5 years upwards.<\/li>\n\n\n\n<li>L&#8217;Ile D&#8217;O&#8217;Cayo,Extend your night-time experience with themed evenings several times a week.<\/li>\n\n\n\n<li>VIP BEACH, Early access to the slides from 09:00.<\/li>\n<\/ul>\n<\/div>\n\n\n\n<div class=\"wp-block-column is-vertically-aligned-center is-layout-flow wp-block-column-is-layout-flow\">\n<figure class=\"wp-block-image size-full\"><img loading=\"lazy\" decoding=\"async\" width=\"900\" height=\"506\" src=\"https:\/\/campinglesramiers.com\/wp-content\/uploads\/2023\/07\/ptit_kamikaze_ogliss_park-Personnalise.jpg\" alt=\"slide for children and adults  \" class=\"wp-image-251\" srcset=\"https:\/\/campinglesramiers.com\/wp-content\/uploads\/2023\/07\/ptit_kamikaze_ogliss_park-Personnalise.jpg 900w, https:\/\/campinglesramiers.com\/wp-content\/uploads\/2023\/07\/ptit_kamikaze_ogliss_park-Personnalise-300x169.jpg 300w, https:\/\/campinglesramiers.com\/wp-content\/uploads\/2023\/07\/ptit_kamikaze_ogliss_park-Personnalise-768x432.jpg 768w\" sizes=\"auto, (max-width: 900px) 100vw, 900px\" \/><\/figure>\n<\/div>\n<\/div>\n\n\n\n<p>TAKE ADVANTAGE OF OUR PARTNERSHIP WITH O&#8217;GLISS  <\/p>\n\n\n\n<h2 class=\"wp-block-heading\" id=\"tarif-o-gliss-park-ttc-ouverture-2022-du-25-06-au-31-08-puis-le-03-et-04-09\">O&#8217;GLISS PARK rate incl. VAT :<\/h2>\n\n\n\n<ul class=\"wp-block-list\">\n<li>Bout Choux: \u20ac14.00 instead of \u20ac15;<\/li>\n\n\n\n<li>Adult: \u20ac29.90 instead of \u20ac30.90 ;<\/li>\n\n\n\n<li>Children: \u20ac22.00 instead of \u20ac23.00 ;<\/li>\n\n\n\n<li>Senior: \u20ac22.00 instead of \u20ac23.00.<\/li>\n\n\n\n<li>Locker: \u20ac5<\/li>\n<\/ul>\n\n\n\n<p>*<strong>VIP BEACH:&nbsp;<\/strong>for 6 people: (rate does not include park entrance).<\/p>\n\n\n\n<ul class=\"wp-block-list\">\n<li>Cocon Family : 60 \u20ac (without slide) or 80 \u20ac (closer to children&#8217;s activities) additional persons 10,00\u20ac ;<\/li>\n\n\n\n<li>Cocon Sunset Playa, Cocon Dlir Space, Cocon Ocayo and Cocon Exploral&#8217;o: \u20ac80 (closest to sensory activities); additional persons \u20ac14.00;<\/li>\n\n\n\n<li>Lodge Relax : 120\u20ac ; Additional persons 20,00\u20ac;<\/li>\n\n\n\n<li>Lodge S\u00e9r\u00e9nit\u00e9 (with SPA): \u20ac150; additional persons \u20ac25.00;<\/li>\n\n\n\n<li>Le Before: \u20ac10\/person.<\/li>\n<\/ul>\n\n\n\n<p><strong>&nbsp;Age range&nbsp;<\/strong>: BOUT CHOUX ( 3-4 years) ; ENFANT ( 5-10 YEARS) ; ADULTE (11 and +) ; SENIOR ( 65 years and +).<\/p>\n\n\n\n<p><strong>Zone<\/strong>&nbsp;: FUN ZONE or ACCROBRANCHE or PAINTBALL or WATERJUMP or DUEL ARENA (+ 18 years), DUEL ARENA FAMILY, XPERIENCE GAME.<\/p>\n\n\n\n<p><strong>Highlights<\/strong>&nbsp;: PENDULAR JUMP&nbsp;and MAXI BUNGY&nbsp;and SAUT DU CASCADEUR&nbsp;and TYROLIENNE AQUATIQUE&nbsp;and D&#8217;AIR BALL.<\/p>\n\n\n\n<p>1\u20ac discount is applied when booking through the campsite.<\/p>\n\n\n<div class=\"wp-block-sev-diaporama alignfull\">\t\t\t<div id=\"sevgallery-1838585690\" class=\"sev-diaporama sev-diaporama-portfolio\">\r\n\t\t\t<div class=\"row\">\r\n\r\n\t\t\t\r\n\t\t\t\t\r\n\t\t\t\t<div class=\"sev-diaporama-portfolio-item col-12 col-sm  col-shrink\">\r\n\r\n\t\t\t\t\t\t\t\t\t\t<a href=\"https:\/\/campinglesramiers.com\/wp-content\/uploads\/2023\/07\/exploralo_ogliss_park_3-Personnalise.jpg\" data-lightbox=\"sevgallery-1838585690\" style=\"background-image: url(https:\/\/campinglesramiers.com\/wp-content\/uploads\/2023\/07\/exploralo_ogliss_park_3-Personnalise.jpg)\">\r\n\t\t\t\t\t\t\t\t\t\t\t<img decoding=\"async\" src=\"https:\/\/campinglesramiers.com\/wp-content\/uploads\/2023\/07\/exploralo_ogliss_park_3-Personnalise.jpg\" alt=\"\" loading=\"lazy\">\r\n\t\t\t\t\t\t\t\t\t\t<\/a>\r\n\t\t\t\t\t\t\t\t\t<\/div>\r\n\r\n\t\t\t\t\r\n\t\t\t\t\t\t\t\t\t\t\t\r\n\t\t\t\t\r\n\t\t\t\t<div class=\"sev-diaporama-portfolio-item col-12 col-sm  col-grow\">\r\n\r\n\t\t\t\t\t\t\t\t\t\t<a href=\"https:\/\/campinglesramiers.com\/wp-content\/uploads\/2023\/07\/dlir_space_ogliss_park__DelirSpace-Personnalise.jpg\" data-lightbox=\"sevgallery-1838585690\" style=\"background-image: url(https:\/\/campinglesramiers.com\/wp-content\/uploads\/2023\/07\/dlir_space_ogliss_park__DelirSpace-Personnalise.jpg)\">\r\n\t\t\t\t\t\t\t\t\t\t\t<img decoding=\"async\" src=\"https:\/\/campinglesramiers.com\/wp-content\/uploads\/2023\/07\/dlir_space_ogliss_park__DelirSpace-Personnalise.jpg\" alt=\"\" loading=\"lazy\">\r\n\t\t\t\t\t\t\t\t\t\t<\/a>\r\n\t\t\t\t\t\t\t\t\t<\/div>\r\n\r\n\t\t\t\t\r\n\t\t\t\t\t\t\t\t\t\t\t\r\n\t\t\t\t\r\n\t\t\t\t<div class=\"sev-diaporama-portfolio-item col-12 col-sm  col-shrink\">\r\n\r\n\t\t\t\t\t\t\t\t\t\t<a href=\"https:\/\/campinglesramiers.com\/wp-content\/uploads\/2023\/07\/exploralo_ogliss_park-Personnalise.jpg\" data-lightbox=\"sevgallery-1838585690\" style=\"background-image: url(https:\/\/campinglesramiers.com\/wp-content\/uploads\/2023\/07\/exploralo_ogliss_park-Personnalise.jpg)\">\r\n\t\t\t\t\t\t\t\t\t\t\t<img decoding=\"async\" src=\"https:\/\/campinglesramiers.com\/wp-content\/uploads\/2023\/07\/exploralo_ogliss_park-Personnalise.jpg\" alt=\"\" loading=\"lazy\">\r\n\t\t\t\t\t\t\t\t\t\t<\/a>\r\n\t\t\t\t\t\t\t\t\t<\/div>\r\n\r\n\t\t\t\t\t\t\t\t\t<div class=\"w-100\"><\/div>\r\n\t\t\t\t\t\t\t\t\t\r\n\t\t\t\t\t\t\t\t\t\t\t\r\n\t\t\t\t\r\n\t\t\t\t<div class=\"sev-diaporama-portfolio-item col-12 col-sm  col-grow\">\r\n\r\n\t\t\t\t\t\t\t\t\t\t<a href=\"https:\/\/campinglesramiers.com\/wp-content\/uploads\/2023\/07\/ile_ocayo_ogliss_park-Personnalise.jpg\" data-lightbox=\"sevgallery-1838585690\" style=\"background-image: url(https:\/\/campinglesramiers.com\/wp-content\/uploads\/2023\/07\/ile_ocayo_ogliss_park-Personnalise.jpg)\">\r\n\t\t\t\t\t\t\t\t\t\t\t<img decoding=\"async\" src=\"https:\/\/campinglesramiers.com\/wp-content\/uploads\/2023\/07\/ile_ocayo_ogliss_park-Personnalise.jpg\" alt=\"\" loading=\"lazy\">\r\n\t\t\t\t\t\t\t\t\t\t<\/a>\r\n\t\t\t\t\t\t\t\t\t<\/div>\r\n\r\n\t\t\t\t\r\n\t\t\t\t\t\t\t\t\t\t\t\r\n\t\t\t\t\r\n\t\t\t\t<div class=\"sev-diaporama-portfolio-item col-12 col-sm \">\r\n\r\n\t\t\t\t\t\t\t\t\t\t<a href=\"https:\/\/campinglesramiers.com\/wp-content\/uploads\/2023\/07\/kamikaze_ogliss_park__DelirSpace-Personnalise.jpg\" data-lightbox=\"sevgallery-1838585690\" style=\"background-image: url(https:\/\/campinglesramiers.com\/wp-content\/uploads\/2023\/07\/kamikaze_ogliss_park__DelirSpace-Personnalise.jpg)\">\r\n\t\t\t\t\t\t\t\t\t\t\t<img decoding=\"async\" src=\"https:\/\/campinglesramiers.com\/wp-content\/uploads\/2023\/07\/kamikaze_ogliss_park__DelirSpace-Personnalise.jpg\" alt=\"\" loading=\"lazy\">\r\n\t\t\t\t\t\t\t\t\t\t<\/a>\r\n\t\t\t\t\t\t\t\t\t<\/div>\r\n\r\n\t\t\t\t\r\n\t\t\t\t\t\t\t\t\t\t\t\t\t\t<\/div>\r\n\t\t\t<\/div>\r\n\r\n\t\t\t<script>\r\n\t\t\tjQuery(function($) {\r\n\r\n\t\t\t\tvar marginPortfolio = function() {\r\n\r\n\t\t\t\t\tvar $diapo          = $('#sevgallery-1838585690');\r\n\t\t\t\t\tvar container_width = $diapo.parent().outerWidth();\r\n\t\t\t\t\tvar side            = ( $(window).innerWidth() - container_width ) \/ 2;\r\n\r\n\t\t\t\t\t$diapo.css( {\r\n\t\t\t\t\t\t'margin-left': '-' + side + 'px',\r\n\t\t\t\t\t\t'margin-right': '-' + side + 'px',\r\n\t\t\t\t\t} );\r\n\t\t\t\t};\r\n\r\n\t\t\t\t$( window ).resize( function() {\r\n\t\t\t\t\tmarginPortfolio();\r\n\t\t\t\t} );\r\n\t\t\t\tmarginPortfolio();\r\n\t\t\t});\r\n\t\t\t<\/script>\r\n\t\t\t<\/div>","protected":false},"excerpt":{"rendered":"<p>Just 15 minutes from the campsite, O&#8217;GLISS PARK welcomes you to a life-size water park covering more than 6 hectares. Opening in 2023 from 24\/06 to 31\/08 and 03\/09, there are 4 universes for young and old&nbsp;: TAKE ADVANTAGE OF OUR PARTNERSHIP WITH O&#8217;GLISS O&#8217;GLISS PARK rate incl. VAT : *VIP BEACH:&nbsp;for 6 people: (rate [&hellip;]<\/p>\n","protected":false},"author":1,"featured_media":0,"parent":22628,"menu_order":0,"comment_status":"closed","ping_status":"closed","template":"","meta":{"_seopress_robots_primary_cat":"","_seopress_titles_title":"A water park in the heart of the Vend\u00e9e awaits you","_seopress_titles_desc":"O'gliss park invites you to spend a day in the water, with slides, pools and relaxation areas.","_seopress_robots_index":"","footnotes":""},"class_list":["post-22653","page","type-page","status-publish","hentry"],"_links":{"self":[{"href":"https:\/\/campinglesramiers.com\/en\/wp-json\/wp\/v2\/pages\/22653","targetHints":{"allow":["GET"]}}],"collection":[{"href":"https:\/\/campinglesramiers.com\/en\/wp-json\/wp\/v2\/pages"}],"about":[{"href":"https:\/\/campinglesramiers.com\/en\/wp-json\/wp\/v2\/types\/page"}],"author":[{"embeddable":true,"href":"https:\/\/campinglesramiers.com\/en\/wp-json\/wp\/v2\/users\/1"}],"replies":[{"embeddable":true,"href":"https:\/\/campinglesramiers.com\/en\/wp-json\/wp\/v2\/comments?post=22653"}],"version-history":[{"count":0,"href":"https:\/\/campinglesramiers.com\/en\/wp-json\/wp\/v2\/pages\/22653\/revisions"}],"up":[{"embeddable":true,"href":"https:\/\/campinglesramiers.com\/en\/wp-json\/wp\/v2\/pages\/22628"}],"wp:attachment":[{"href":"https:\/\/campinglesramiers.com\/en\/wp-json\/wp\/v2\/media?parent=22653"}],"curies":[{"name":"wp","href":"https:\/\/api.w.org\/{rel}","templated":true}]}}