{"id":22677,"date":"2023-07-18T11:49:19","date_gmt":"2023-07-18T09:49:19","guid":{"rendered":"https:\/\/campinglesramiers.com\/ogliss-park\/"},"modified":"2023-07-18T11:49:19","modified_gmt":"2023-07-18T09:49:19","slug":"ogliss-park","status":"publish","type":"page","link":"https:\/\/campinglesramiers.com\/nl\/vrijetijdsactiviteiten\/ogliss-park\/","title":{"rendered":"O&#8217;Gliss Park"},"content":{"rendered":"\n<p>Op 15 minuten van de camping verwelkomt O&#8217;GLISS PARK je in een levensgroot waterpark van meer dan 6 hectare.<\/p>\n\n\n\n<div class=\"wp-block-columns are-vertically-aligned-center is-layout-flex wp-container-core-columns-is-layout-28f84493 wp-block-columns-is-layout-flex\">\n<div class=\"wp-block-column is-vertically-aligned-center is-layout-flow wp-block-column-is-layout-flow\">\n<p>Opening in 2023 van 24\/06 tot 31\/08 en opnieuw op 03\/09, er zijn 4 universums voor jong en oud&nbsp;:<\/p>\n\n\n\n<ul class=\"wp-block-list\">\n<li>LudO&#8217;park, een waterpark voor kinderen&nbsp;;<\/li>\n\n\n\n<li>Sunset&#8217;playa, strandsfeer en ontspanning&nbsp;;<\/li>\n\n\n\n<li>ExploralO&#8217;, een weelderige wereld van verschillende wilde rivieren (400 m&nbsp; van parcours en probeer 4 routes voor 4 verschillende niveaus van sensatie);<\/li>\n\n\n\n<li>D\u00e9lir&#8217;Space, een sensationele zone met 12 uitzonderlijke glijbanen;<\/li>\n\n\n\n<li>O&#8217;Cayo eiland, een idyllische omgeving met een turquoise lagune en waterval.&nbsp;<\/li>\n\n\n\n<li>VIP BEACH, alles wat je nodig hebt voor je welzijn;<\/li>\n\n\n\n<li>Virtual Rafting, raften alsof je er zelf bij bent, dankzij virtual reality, vanaf 5 jaar.<\/li>\n\n\n\n<li>L&#8217;Ile D&#8217;O&#8217;Cayo,Breid je nachtelijke ervaring uit met thema-avonden meerdere keren per week.<\/li>\n\n\n\n<li>VIP BEACH, Vroege toegang tot de glijbanen vanaf 09:00 uur.<\/li>\n<\/ul>\n<\/div>\n\n\n\n<div class=\"wp-block-column is-vertically-aligned-center is-layout-flow wp-block-column-is-layout-flow\">\n<figure class=\"wp-block-image size-full\"><img loading=\"lazy\" decoding=\"async\" width=\"900\" height=\"506\" src=\"https:\/\/campinglesramiers.com\/wp-content\/uploads\/2023\/07\/ptit_kamikaze_ogliss_park-Personnalise.jpg\" alt=\"glijbaan voor kinderen en volwassenen  \" class=\"wp-image-251\" srcset=\"https:\/\/campinglesramiers.com\/wp-content\/uploads\/2023\/07\/ptit_kamikaze_ogliss_park-Personnalise.jpg 900w, https:\/\/campinglesramiers.com\/wp-content\/uploads\/2023\/07\/ptit_kamikaze_ogliss_park-Personnalise-300x169.jpg 300w, https:\/\/campinglesramiers.com\/wp-content\/uploads\/2023\/07\/ptit_kamikaze_ogliss_park-Personnalise-768x432.jpg 768w\" sizes=\"auto, (max-width: 900px) 100vw, 900px\" \/><\/figure>\n<\/div>\n<\/div>\n\n\n\n<p>PROFITEER VAN ONZE SAMENWERKING MET O&#8217;GLISS  <\/p>\n\n\n\n<h2 class=\"wp-block-heading\" id=\"tarif-o-gliss-park-ttc-ouverture-2022-du-25-06-au-31-08-puis-le-03-et-04-09\">O&#8217;GLISS PARK prijs inclusief BTW :<\/h2>\n\n\n\n<ul class=\"wp-block-list\">\n<li>Bout Choux: \u20ac14,00 in plaats van \u20ac15;<\/li>\n\n\n\n<li>Volwassenen: \u20ac29,90 in plaats van \u20ac30,90 ;<\/li>\n\n\n\n<li>Kinderen: \u20ac22,00 in plaats van \u20ac23,00 ;<\/li>\n\n\n\n<li>Senior: \u20ac22,00 in plaats van \u20ac23,00.<\/li>\n\n\n\n<li>Kluisje: \u20ac5<\/li>\n<\/ul>\n\n\n\n<p>*VIP <strong> BEACH:&nbsp;<\/strong>voor 6 personen: (de prijs is exclusief toegang tot het park).<\/p>\n\n\n\n<ul class=\"wp-block-list\">\n<li>Cocon Family: \u20ac60 (zonder een snelle rit van de glijbaan) of \u20ac80 (zo dicht mogelijk bij de kinderactiviteiten) extra personen \u20ac10,00 ;<\/li>\n\n\n\n<li>Cocon Sunset Playa, Cocon Dlir Space, Cocon Ocayo en Cocon Exploral&#8217;o: \u20ac80 (het dichtst bij de sensationele activiteiten); extra personen \u20ac14,00;<\/li>\n\n\n\n<li>Lodge Relax: 120\u20ac ; Extra personen 20,00\u20ac;<\/li>\n\n\n\n<li>Lodge S\u00e9r\u00e9nit\u00e9 (met SPA): \u20ac150; extra personen \u20ac25,00;<\/li>\n\n\n\n<li>Voor: \u20ac10\/persoon.<\/li>\n<\/ul>\n\n\n\n<p><strong>&nbsp;Leeftijdsgroep&nbsp;<\/strong>: KINDEREN (3-4 jaar); KINDEREN (5-10 jaar); VOLWASSEN (11 jaar en ouder); SENIOREN (65 jaar en ouder).<\/p>\n\n\n\n<p><strong>Zone<\/strong>&nbsp;: FUN ZONE of ACCROBRANCHE of PAINTBALL of WATERJUMP of DUEL ARENA (+ 18 jaar), DUEL ARENA FAMILY, XPERIENCE GAME.<\/p>\n\n\n\n<p><strong>Hoogtepunten<\/strong>&nbsp;: PENDULAR JUMP&nbsp;en MAXI BUNGY&nbsp;en SAUT DU CASCADEUR&nbsp;en TYROLIENNE AQUATIQUE&nbsp;en D&#8217;AIR BALL.<\/p>\n\n\n\n<p>Je krijgt \u20ac1 korting als je via de camping boekt.<\/p>\n\n\n<div class=\"wp-block-sev-diaporama alignfull\">\t\t\t<div id=\"sevgallery-3844212571\" class=\"sev-diaporama sev-diaporama-portfolio\">\r\n\t\t\t<div class=\"row\">\r\n\r\n\t\t\t\r\n\t\t\t\t\r\n\t\t\t\t<div class=\"sev-diaporama-portfolio-item col-12 col-sm \">\r\n\r\n\t\t\t\t\t\t\t\t\t\t<a href=\"https:\/\/campinglesramiers.com\/wp-content\/uploads\/2023\/07\/exploralo_ogliss_park_3-Personnalise.jpg\" data-lightbox=\"sevgallery-3844212571\" style=\"background-image: url(https:\/\/campinglesramiers.com\/wp-content\/uploads\/2023\/07\/exploralo_ogliss_park_3-Personnalise.jpg)\">\r\n\t\t\t\t\t\t\t\t\t\t\t<img decoding=\"async\" src=\"https:\/\/campinglesramiers.com\/wp-content\/uploads\/2023\/07\/exploralo_ogliss_park_3-Personnalise.jpg\" alt=\"\" loading=\"lazy\">\r\n\t\t\t\t\t\t\t\t\t\t<\/a>\r\n\t\t\t\t\t\t\t\t\t<\/div>\r\n\r\n\t\t\t\t\r\n\t\t\t\t\t\t\t\t\t\t\t\r\n\t\t\t\t\r\n\t\t\t\t<div class=\"sev-diaporama-portfolio-item col-12 col-sm \">\r\n\r\n\t\t\t\t\t\t\t\t\t\t<a href=\"https:\/\/campinglesramiers.com\/wp-content\/uploads\/2023\/07\/dlir_space_ogliss_park__DelirSpace-Personnalise.jpg\" data-lightbox=\"sevgallery-3844212571\" style=\"background-image: url(https:\/\/campinglesramiers.com\/wp-content\/uploads\/2023\/07\/dlir_space_ogliss_park__DelirSpace-Personnalise.jpg)\">\r\n\t\t\t\t\t\t\t\t\t\t\t<img decoding=\"async\" src=\"https:\/\/campinglesramiers.com\/wp-content\/uploads\/2023\/07\/dlir_space_ogliss_park__DelirSpace-Personnalise.jpg\" alt=\"\" loading=\"lazy\">\r\n\t\t\t\t\t\t\t\t\t\t<\/a>\r\n\t\t\t\t\t\t\t\t\t<\/div>\r\n\r\n\t\t\t\t\r\n\t\t\t\t\t\t\t\t\t\t\t\r\n\t\t\t\t\r\n\t\t\t\t<div class=\"sev-diaporama-portfolio-item col-12 col-sm  col-grow\">\r\n\r\n\t\t\t\t\t\t\t\t\t\t<a href=\"https:\/\/campinglesramiers.com\/wp-content\/uploads\/2023\/07\/exploralo_ogliss_park-Personnalise.jpg\" data-lightbox=\"sevgallery-3844212571\" style=\"background-image: url(https:\/\/campinglesramiers.com\/wp-content\/uploads\/2023\/07\/exploralo_ogliss_park-Personnalise.jpg)\">\r\n\t\t\t\t\t\t\t\t\t\t\t<img decoding=\"async\" src=\"https:\/\/campinglesramiers.com\/wp-content\/uploads\/2023\/07\/exploralo_ogliss_park-Personnalise.jpg\" alt=\"\" loading=\"lazy\">\r\n\t\t\t\t\t\t\t\t\t\t<\/a>\r\n\t\t\t\t\t\t\t\t\t<\/div>\r\n\r\n\t\t\t\t\t\t\t\t\t<div class=\"w-100\"><\/div>\r\n\t\t\t\t\t\t\t\t\t\r\n\t\t\t\t\t\t\t\t\t\t\t\r\n\t\t\t\t\r\n\t\t\t\t<div class=\"sev-diaporama-portfolio-item col-12 col-sm  col-shrink\">\r\n\r\n\t\t\t\t\t\t\t\t\t\t<a href=\"https:\/\/campinglesramiers.com\/wp-content\/uploads\/2023\/07\/ile_ocayo_ogliss_park-Personnalise.jpg\" data-lightbox=\"sevgallery-3844212571\" style=\"background-image: url(https:\/\/campinglesramiers.com\/wp-content\/uploads\/2023\/07\/ile_ocayo_ogliss_park-Personnalise.jpg)\">\r\n\t\t\t\t\t\t\t\t\t\t\t<img decoding=\"async\" src=\"https:\/\/campinglesramiers.com\/wp-content\/uploads\/2023\/07\/ile_ocayo_ogliss_park-Personnalise.jpg\" alt=\"\" loading=\"lazy\">\r\n\t\t\t\t\t\t\t\t\t\t<\/a>\r\n\t\t\t\t\t\t\t\t\t<\/div>\r\n\r\n\t\t\t\t\r\n\t\t\t\t\t\t\t\t\t\t\t\r\n\t\t\t\t\r\n\t\t\t\t<div class=\"sev-diaporama-portfolio-item col-12 col-sm \">\r\n\r\n\t\t\t\t\t\t\t\t\t\t<a href=\"https:\/\/campinglesramiers.com\/wp-content\/uploads\/2023\/07\/kamikaze_ogliss_park__DelirSpace-Personnalise.jpg\" data-lightbox=\"sevgallery-3844212571\" style=\"background-image: url(https:\/\/campinglesramiers.com\/wp-content\/uploads\/2023\/07\/kamikaze_ogliss_park__DelirSpace-Personnalise.jpg)\">\r\n\t\t\t\t\t\t\t\t\t\t\t<img decoding=\"async\" src=\"https:\/\/campinglesramiers.com\/wp-content\/uploads\/2023\/07\/kamikaze_ogliss_park__DelirSpace-Personnalise.jpg\" alt=\"\" loading=\"lazy\">\r\n\t\t\t\t\t\t\t\t\t\t<\/a>\r\n\t\t\t\t\t\t\t\t\t<\/div>\r\n\r\n\t\t\t\t\r\n\t\t\t\t\t\t\t\t\t\t\t\t\t\t<\/div>\r\n\t\t\t<\/div>\r\n\r\n\t\t\t<script>\r\n\t\t\tjQuery(function($) {\r\n\r\n\t\t\t\tvar marginPortfolio = function() {\r\n\r\n\t\t\t\t\tvar $diapo          = $('#sevgallery-3844212571');\r\n\t\t\t\t\tvar container_width = $diapo.parent().outerWidth();\r\n\t\t\t\t\tvar side            = ( $(window).innerWidth() - container_width ) \/ 2;\r\n\r\n\t\t\t\t\t$diapo.css( {\r\n\t\t\t\t\t\t'margin-left': '-' + side + 'px',\r\n\t\t\t\t\t\t'margin-right': '-' + side + 'px',\r\n\t\t\t\t\t} );\r\n\t\t\t\t};\r\n\r\n\t\t\t\t$( window ).resize( function() {\r\n\t\t\t\t\tmarginPortfolio();\r\n\t\t\t\t} );\r\n\t\t\t\tmarginPortfolio();\r\n\t\t\t});\r\n\t\t\t<\/script>\r\n\t\t\t<\/div>","protected":false},"excerpt":{"rendered":"<p>Op 15 minuten van de camping verwelkomt O&#8217;GLISS PARK je in een levensgroot waterpark van meer dan 6 hectare. Opening in 2023 van 24\/06 tot 31\/08 en opnieuw op 03\/09, er zijn 4 universums voor jong en oud&nbsp;: PROFITEER VAN ONZE SAMENWERKING MET O&#8217;GLISS O&#8217;GLISS PARK prijs inclusief BTW : *VIP BEACH:&nbsp;voor 6 personen: (de [&hellip;]<\/p>\n","protected":false},"author":1,"featured_media":0,"parent":22706,"menu_order":0,"comment_status":"closed","ping_status":"closed","template":"","meta":{"_seopress_robots_primary_cat":"","_seopress_titles_title":"Een waterpark in het hart van de Vend\u00e9e wacht op je","_seopress_titles_desc":"O'gliss park biedt je de kans om een dag door te brengen in het water, met glijbanen, zwembaden en ontspanningsruimtes.","_seopress_robots_index":"","footnotes":""},"class_list":["post-22677","page","type-page","status-publish","hentry"],"_links":{"self":[{"href":"https:\/\/campinglesramiers.com\/nl\/wp-json\/wp\/v2\/pages\/22677","targetHints":{"allow":["GET"]}}],"collection":[{"href":"https:\/\/campinglesramiers.com\/nl\/wp-json\/wp\/v2\/pages"}],"about":[{"href":"https:\/\/campinglesramiers.com\/nl\/wp-json\/wp\/v2\/types\/page"}],"author":[{"embeddable":true,"href":"https:\/\/campinglesramiers.com\/nl\/wp-json\/wp\/v2\/users\/1"}],"replies":[{"embeddable":true,"href":"https:\/\/campinglesramiers.com\/nl\/wp-json\/wp\/v2\/comments?post=22677"}],"version-history":[{"count":0,"href":"https:\/\/campinglesramiers.com\/nl\/wp-json\/wp\/v2\/pages\/22677\/revisions"}],"up":[{"embeddable":true,"href":"https:\/\/campinglesramiers.com\/nl\/wp-json\/wp\/v2\/pages\/22706"}],"wp:attachment":[{"href":"https:\/\/campinglesramiers.com\/nl\/wp-json\/wp\/v2\/media?parent=22677"}],"curies":[{"name":"wp","href":"https:\/\/api.w.org\/{rel}","templated":true}]}}