{"id":22708,"date":"2023-07-13T17:51:29","date_gmt":"2023-07-13T15:51:29","guid":{"rendered":"https:\/\/campinglesramiers.com\/zee-en-eilanden\/stranden-en-watersporten\/"},"modified":"2023-10-25T16:47:03","modified_gmt":"2023-10-25T14:47:03","slug":"stranden-en-watersporten","status":"publish","type":"page","link":"https:\/\/campinglesramiers.com\/nl\/zee-en-eilanden\/stranden-en-watersporten\/","title":{"rendered":"Stranden en watersporten"},"content":{"rendered":"\n<div style=\"height:22px\" aria-hidden=\"true\" class=\"wp-block-spacer\"><\/div>\n\n\n\n<h2 class=\"wp-block-heading\">Watersportactiviteiten  <\/h2>\n\n\n\n<div style=\"height:22px\" aria-hidden=\"true\" class=\"wp-block-spacer\"><\/div>\n\n\n\n<div class=\"wp-block-media-text alignwide is-stacked-on-mobile is-image-fill\"><figure class=\"wp-block-media-text__media\" style=\"background-image:url(https:\/\/campinglesramiers.com\/wp-content\/uploads\/2023\/07\/DSC8063-1024x678.jpg);background-position:50% 50%\"><img loading=\"lazy\" decoding=\"async\" width=\"1024\" height=\"678\" src=\"https:\/\/campinglesramiers.com\/wp-content\/uploads\/2023\/07\/DSC8063-1024x678.jpg\" alt=\"\" class=\"wp-image-114 size-full\" srcset=\"https:\/\/campinglesramiers.com\/wp-content\/uploads\/2023\/07\/DSC8063-1024x678.jpg 1024w, https:\/\/campinglesramiers.com\/wp-content\/uploads\/2023\/07\/DSC8063-300x199.jpg 300w, https:\/\/campinglesramiers.com\/wp-content\/uploads\/2023\/07\/DSC8063-768x509.jpg 768w, https:\/\/campinglesramiers.com\/wp-content\/uploads\/2023\/07\/DSC8063.jpg 1200w\" sizes=\"auto, (max-width: 1024px) 100vw, 1024px\" \/><\/figure><div class=\"wp-block-media-text__content\">\n<h3 class=\"wp-block-heading\"><strong>Atlantisch WAKPARK  <\/strong><\/h3>\n\n\n\n<p>Kom op 15 minuten van de camping extreme sensaties beleven in Atlantic WAKEPARK. U vindt ter plaatse :<\/p>\n\n\n\n<ul class=\"wp-block-list\">\n<li>een waterskilift voor beginners en een grote skilift met 5 pylonen van 750 m lang.<\/li>\n<\/ul>\n\n\n\n<ul class=\"wp-block-list\">\n<li>een waterpark met opblaasbare structuren voor jong en oud aan het meer van L&#8217;Aiguillon Sur Mer.<\/li>\n<\/ul>\n\n\n\n<ul class=\"wp-block-list\">\n<li>de Splash Game, een drijvende stormbaan! Klimmen, springen, kruipen! Lachen gegarandeerd! Deze activiteit is toegankelijk voor kinderen vanaf 7 jaar. De activiteit staat onder toezicht van badmeesters. Reddingsvest meegeleverd.<\/li>\n\n\n\n<li>Het krijgersspel: het 1e behendigheids-, kracht- en evenwichtsparcours over water, uniek in Frankrijk.<\/li>\n<\/ul>\n\n\n\n<p>Partnerschapsaanbieding: Gratis wetsuit (5\u20ac) op vertoon van de campingstempel van Les Ramiers. Vergeet niet te reserveren.<\/p>\n<\/div><\/div>\n\n\n\n<div class=\"wp-block-media-text alignwide has-media-on-the-right is-stacked-on-mobile is-image-fill\"><div class=\"wp-block-media-text__content\">\n<h3 class=\"wp-block-heading\"><strong>Scoot-wave in Les Sables d&#8217;Olonne<\/strong><\/h3>\n\n\n\n<p>Als je op zoek bent naar sensatie, unieke ervaringen, gegarandeerde spanning en vooral onvergetelijke herinneringen, dan raden we je de SCOOT-WAVE in de baai van Les <a href=\"https:\/\/campinglesramiers.com\/nl\/kant-van-de-stad\/sables-dolonne\/\" data-type=\"page\" data-id=\"22701\">Sables D&#8217;Olonne<\/a> aan.<\/p>\n\n\n\n<p>Verhuur van jetski&#8217;s en sleepboeien.<\/p>\n\n\n\n<p>Op vertoon van de campingstempel krijgt u een korting van \u20ac 10 op de jetskidiensten vanaf een uur huur.<\/p>\n<\/div><figure class=\"wp-block-media-text__media\" style=\"background-image:url(https:\/\/campinglesramiers.com\/wp-content\/uploads\/2023\/07\/scoot-wave2.jpg);background-position:50% 50%\"><img loading=\"lazy\" decoding=\"async\" width=\"550\" height=\"412\" src=\"https:\/\/campinglesramiers.com\/wp-content\/uploads\/2023\/07\/scoot-wave2.jpg\" alt=\"\" class=\"wp-image-115 size-full\" srcset=\"https:\/\/campinglesramiers.com\/wp-content\/uploads\/2023\/07\/scoot-wave2.jpg 550w, https:\/\/campinglesramiers.com\/wp-content\/uploads\/2023\/07\/scoot-wave2-300x225.jpg 300w\" sizes=\"auto, (max-width: 550px) 100vw, 550px\" \/><\/figure><\/div>\n\n\n\n<div class=\"wp-block-media-text alignwide is-stacked-on-mobile is-image-fill\"><figure class=\"wp-block-media-text__media\" style=\"background-image:url(https:\/\/campinglesramiers.com\/wp-content\/uploads\/2023\/07\/P1020913-e1462785379291-1024x576.jpeg);background-position:50% 50%\"><img loading=\"lazy\" decoding=\"async\" width=\"1024\" height=\"576\" src=\"https:\/\/campinglesramiers.com\/wp-content\/uploads\/2023\/07\/P1020913-e1462785379291-1024x576.jpeg\" alt=\"\" class=\"wp-image-116 size-full\" srcset=\"https:\/\/campinglesramiers.com\/wp-content\/uploads\/2023\/07\/P1020913-e1462785379291-1024x576.jpeg 1024w, https:\/\/campinglesramiers.com\/wp-content\/uploads\/2023\/07\/P1020913-e1462785379291-300x169.jpeg 300w, https:\/\/campinglesramiers.com\/wp-content\/uploads\/2023\/07\/P1020913-e1462785379291-768x432.jpeg 768w, https:\/\/campinglesramiers.com\/wp-content\/uploads\/2023\/07\/P1020913-e1462785379291.jpeg 1300w\" sizes=\"auto, (max-width: 1024px) 100vw, 1024px\" \/><\/figure><div class=\"wp-block-media-text__content\">\n<p><\/p>\n\n\n\n<h3 class=\"wp-block-heading\"><strong>Kitesurfschool in de Vend\u00e9e<\/strong><\/h3>\n\n\n\n<p><strong>OCEAN PLAYER&#8217;S<\/strong>, een reizende kitesurfschool tussen Les Sables d&#8217;Olonne en Tra<a href=\"https:\/\/campinglesramiers.com\/?page_id=1385&amp;preview=true\"><\/a>nche sur Mer.<\/p>\n\n\n\n<p>We gebruiken verschillende oefenlocaties: Longeville sur Mer, Talmont St Hilaire en Les Sables d&#8217;Olonne, met toezicht in open water vanaf een boot en toezicht in ondiep water vanaf het strand.<\/p>\n\n\n\n<p>Aangesloten bij de F\u00e9d\u00e9ration Fran\u00e7aise de Vol Libre (Franse Federatie voor Vrije Vlucht) en geassocieerd met het Franse kitesurfmerk F.one, gebruiken we materiaal van de nieuwste generatie en bieden we verschillende soorten ondersteuning: Twin-tip, Strapless en Foil.<\/p>\n\n\n\n<p>Het gebruik van verschillende locaties, gevarieerde supervisietechnieken en radio voor continu contact, evenals kleine groepen (max. 4 personen) garanderen dat je snel leert in optimale veiligheidsomstandigheden.<\/p>\n\n\n\n<p>Wat je project of niveau ook is, we verwelkomen je het hele jaar door om onze passie te delen.<\/p>\n<\/div><\/div>\n\n\n\n<div style=\"height:22px\" aria-hidden=\"true\" class=\"wp-block-spacer\"><\/div>\n\n\n\n<div class=\"wp-block-group alignfull has-background is-layout-constrained wp-container-core-group-is-layout-a666d811 wp-block-group-is-layout-constrained\" style=\"background-color:#30394526;padding-top:var(--wp--preset--spacing--40);padding-right:var(--wp--preset--spacing--40);padding-bottom:var(--wp--preset--spacing--40);padding-left:var(--wp--preset--spacing--40)\">\n<h2 class=\"wp-block-heading\">Stranden naar ieders smaak&#8230;<\/h2>\n\n\n\n<p>Longeville is een aangename badplaats met een prachtig zandstrand dat zich uitstrekt over 7 km, langs de hele lengte begrensd door een van de meest uitgestrekte nationale bossen van Frankrijk. Gezinnen zullen gerust zijn als ze weten dat de camping onder toezicht staat en al een aantal jaar de Blauwe Vlag heeft, een symbool voor de milieukwaliteit van het water.<\/p>\n<\/div>\n\n\n\n<div style=\"height:22px\" aria-hidden=\"true\" class=\"wp-block-spacer\"><\/div>\n\n\n\n<div class=\"wp-block-media-text alignwide has-media-on-the-right is-stacked-on-mobile is-image-fill\"><div class=\"wp-block-media-text__content\">\n<div style=\"height:41px\" aria-hidden=\"true\" class=\"wp-block-spacer\"><\/div>\n\n\n\n<h3 class=\"wp-block-heading\"><strong>Toegang voor mensen met beperkte mobiliteit<\/strong><\/h3>\n\n\n\n<p>Kies voor het strand van Petit Rocher. Ze bieden gemakkelijke toegang en al het comfort dat je nodig hebt voor een goed dagje uit.  <\/p>\n\n\n\n<div style=\"height:41px\" aria-hidden=\"true\" class=\"wp-block-spacer\"><\/div>\n<\/div><figure class=\"wp-block-media-text__media\" style=\"background-image:url(https:\/\/campinglesramiers.com\/wp-content\/uploads\/2023\/09\/photo-aerienne-longeville-sur-mer-DSC_0962-Personnalise.jpg);background-position:50% 19%\"><img loading=\"lazy\" decoding=\"async\" width=\"700\" height=\"466\" src=\"https:\/\/campinglesramiers.com\/wp-content\/uploads\/2023\/09\/photo-aerienne-longeville-sur-mer-DSC_0962-Personnalise.jpg\" alt=\"\" class=\"wp-image-21724 size-full\" srcset=\"https:\/\/campinglesramiers.com\/wp-content\/uploads\/2023\/09\/photo-aerienne-longeville-sur-mer-DSC_0962-Personnalise.jpg 700w, https:\/\/campinglesramiers.com\/wp-content\/uploads\/2023\/09\/photo-aerienne-longeville-sur-mer-DSC_0962-Personnalise-300x200.jpg 300w\" sizes=\"auto, (max-width: 700px) 100vw, 700px\" \/><\/figure><\/div>\n\n\n\n<div class=\"wp-block-media-text alignwide is-stacked-on-mobile is-image-fill\"><figure class=\"wp-block-media-text__media\" style=\"background-image:url(https:\/\/campinglesramiers.com\/wp-content\/uploads\/2023\/09\/Longeville-sur-mer-plage-des-conches-bord-IMG_6641-Personnalise.jpg);background-position:50% 50%\"><img loading=\"lazy\" decoding=\"async\" width=\"800\" height=\"533\" src=\"https:\/\/campinglesramiers.com\/wp-content\/uploads\/2023\/09\/Longeville-sur-mer-plage-des-conches-bord-IMG_6641-Personnalise.jpg\" alt=\"\" class=\"wp-image-21720 size-full\" srcset=\"https:\/\/campinglesramiers.com\/wp-content\/uploads\/2023\/09\/Longeville-sur-mer-plage-des-conches-bord-IMG_6641-Personnalise.jpg 800w, https:\/\/campinglesramiers.com\/wp-content\/uploads\/2023\/09\/Longeville-sur-mer-plage-des-conches-bord-IMG_6641-Personnalise-300x200.jpg 300w, https:\/\/campinglesramiers.com\/wp-content\/uploads\/2023\/09\/Longeville-sur-mer-plage-des-conches-bord-IMG_6641-Personnalise-768x512.jpg 768w\" sizes=\"auto, (max-width: 800px) 100vw, 800px\" \/><\/figure><div class=\"wp-block-media-text__content\">\n<div style=\"height:44px\" aria-hidden=\"true\" class=\"wp-block-spacer\"><\/div>\n\n\n\n<h3 class=\"wp-block-heading\"><strong>Voor een dagje surfen<\/strong><\/h3>\n\n\n\n<p>Het Conches strand en de Bud Bud spot zijn perfect voor zowel beginners als gevorderden.  <\/p>\n\n\n\n<p>Je kunt op je gemak genieten van een breed scala aan activiteiten: zwemmen in zee en loungen, natuurlijk, maar ook vissen te voet en een groot aantal watersporten.<\/p>\n\n\n\n<div style=\"height:44px\" aria-hidden=\"true\" class=\"wp-block-spacer\"><\/div>\n<\/div><\/div>\n\n\n\n<div class=\"wp-block-media-text alignwide has-media-on-the-right is-stacked-on-mobile is-image-fill\"><div class=\"wp-block-media-text__content\">\n<div style=\"height:44px\" aria-hidden=\"true\" class=\"wp-block-spacer\"><\/div>\n\n\n\n<h3 class=\"wp-block-heading\"><strong>Voor een 100% natuurlijke look<\/strong><\/h3>\n\n\n\n<p>Het strand La Casse in La Reine wacht op je, waar naturisme wordt getolereerd.  <\/p>\n\n\n\n<div style=\"height:44px\" aria-hidden=\"true\" class=\"wp-block-spacer\"><\/div>\n<\/div><figure class=\"wp-block-media-text__media\" style=\"background-image:url(https:\/\/campinglesramiers.com\/wp-content\/uploads\/2023\/09\/longeville-sur-mer-plagedurocher-vue-des-dunes-IMG_6510-Personnalise.jpg);background-position:50% 50%\"><img loading=\"lazy\" decoding=\"async\" width=\"800\" height=\"533\" src=\"https:\/\/campinglesramiers.com\/wp-content\/uploads\/2023\/09\/longeville-sur-mer-plagedurocher-vue-des-dunes-IMG_6510-Personnalise.jpg\" alt=\"\" class=\"wp-image-21722 size-full\" srcset=\"https:\/\/campinglesramiers.com\/wp-content\/uploads\/2023\/09\/longeville-sur-mer-plagedurocher-vue-des-dunes-IMG_6510-Personnalise.jpg 800w, https:\/\/campinglesramiers.com\/wp-content\/uploads\/2023\/09\/longeville-sur-mer-plagedurocher-vue-des-dunes-IMG_6510-Personnalise-300x200.jpg 300w, https:\/\/campinglesramiers.com\/wp-content\/uploads\/2023\/09\/longeville-sur-mer-plagedurocher-vue-des-dunes-IMG_6510-Personnalise-768x512.jpg 768w\" sizes=\"auto, (max-width: 800px) 100vw, 800px\" \/><\/figure><\/div>\n\n\n<div class=\"wp-block-sev-diaporama alignfull\">\t\t\t<div id=\"sevgallery-3057991673\" class=\"sev-diaporama sev-diaporama-portfolio\">\r\n\t\t\t<div class=\"row\">\r\n\r\n\t\t\t\r\n\t\t\t\t\r\n\t\t\t\t<div class=\"sev-diaporama-portfolio-item col-12 col-sm \">\r\n\r\n\t\t\t\t\t\t\t\t\t\t<a href=\"https:\/\/campinglesramiers.com\/wp-content\/uploads\/2023\/07\/IMG_0969-Personnalise.jpg\" data-lightbox=\"sevgallery-3057991673\" style=\"background-image: url(https:\/\/campinglesramiers.com\/wp-content\/uploads\/2023\/07\/IMG_0969-Personnalise.jpg)\">\r\n\t\t\t\t\t\t\t\t\t\t\t<img decoding=\"async\" src=\"https:\/\/campinglesramiers.com\/wp-content\/uploads\/2023\/07\/IMG_0969-Personnalise.jpg\" alt=\"\" loading=\"lazy\">\r\n\t\t\t\t\t\t\t\t\t\t<\/a>\r\n\t\t\t\t\t\t\t\t\t<\/div>\r\n\r\n\t\t\t\t\r\n\t\t\t\t\t\t\t\t\t\t\t\r\n\t\t\t\t\r\n\t\t\t\t<div class=\"sev-diaporama-portfolio-item col-12 col-sm  col-grow\">\r\n\r\n\t\t\t\t\t\t\t\t\t\t<a href=\"https:\/\/campinglesramiers.com\/wp-content\/uploads\/2023\/07\/IMG_20230516_111600-Personnalise.jpg\" data-lightbox=\"sevgallery-3057991673\" style=\"background-image: url(https:\/\/campinglesramiers.com\/wp-content\/uploads\/2023\/07\/IMG_20230516_111600-Personnalise.jpg)\">\r\n\t\t\t\t\t\t\t\t\t\t\t<img decoding=\"async\" src=\"https:\/\/campinglesramiers.com\/wp-content\/uploads\/2023\/07\/IMG_20230516_111600-Personnalise.jpg\" alt=\"\" loading=\"lazy\">\r\n\t\t\t\t\t\t\t\t\t\t<\/a>\r\n\t\t\t\t\t\t\t\t\t<\/div>\r\n\r\n\t\t\t\t\r\n\t\t\t\t\t\t\t\t\t\t\t\r\n\t\t\t\t\r\n\t\t\t\t<div class=\"sev-diaporama-portfolio-item col-12 col-sm  col-shrink\">\r\n\r\n\t\t\t\t\t\t\t\t\t\t<a href=\"https:\/\/campinglesramiers.com\/wp-content\/uploads\/2023\/07\/coucherdesoleil-Personnalise.jpg\" data-lightbox=\"sevgallery-3057991673\" style=\"background-image: url(https:\/\/campinglesramiers.com\/wp-content\/uploads\/2023\/07\/coucherdesoleil-Personnalise.jpg)\">\r\n\t\t\t\t\t\t\t\t\t\t\t<img decoding=\"async\" src=\"https:\/\/campinglesramiers.com\/wp-content\/uploads\/2023\/07\/coucherdesoleil-Personnalise.jpg\" alt=\"\" loading=\"lazy\">\r\n\t\t\t\t\t\t\t\t\t\t<\/a>\r\n\t\t\t\t\t\t\t\t\t<\/div>\r\n\r\n\t\t\t\t\t\t\t\t\t<div class=\"w-100\"><\/div>\r\n\t\t\t\t\t\t\t\t\t\r\n\t\t\t\t\t\t\t\t\t\t\t\r\n\t\t\t\t\r\n\t\t\t\t<div class=\"sev-diaporama-portfolio-item col-12 col-sm \">\r\n\r\n\t\t\t\t\t\t\t\t\t\t<a href=\"https:\/\/campinglesramiers.com\/wp-content\/uploads\/2023\/07\/IMG_20230516_111413-Personnalise.jpg\" data-lightbox=\"sevgallery-3057991673\" style=\"background-image: url(https:\/\/campinglesramiers.com\/wp-content\/uploads\/2023\/07\/IMG_20230516_111413-Personnalise.jpg)\">\r\n\t\t\t\t\t\t\t\t\t\t\t<img decoding=\"async\" src=\"https:\/\/campinglesramiers.com\/wp-content\/uploads\/2023\/07\/IMG_20230516_111413-Personnalise.jpg\" alt=\"\" loading=\"lazy\">\r\n\t\t\t\t\t\t\t\t\t\t<\/a>\r\n\t\t\t\t\t\t\t\t\t<\/div>\r\n\r\n\t\t\t\t\r\n\t\t\t\t\t\t\t\t\t\t\t\r\n\t\t\t\t\r\n\t\t\t\t<div class=\"sev-diaporama-portfolio-item col-12 col-sm  col-shrink\">\r\n\r\n\t\t\t\t\t\t\t\t\t\t<a href=\"https:\/\/campinglesramiers.com\/wp-content\/uploads\/2023\/07\/lebouil-1-Personnalise.jpg\" data-lightbox=\"sevgallery-3057991673\" style=\"background-image: url(https:\/\/campinglesramiers.com\/wp-content\/uploads\/2023\/07\/lebouil-1-Personnalise.jpg)\">\r\n\t\t\t\t\t\t\t\t\t\t\t<img decoding=\"async\" src=\"https:\/\/campinglesramiers.com\/wp-content\/uploads\/2023\/07\/lebouil-1-Personnalise.jpg\" alt=\"\" loading=\"lazy\">\r\n\t\t\t\t\t\t\t\t\t\t<\/a>\r\n\t\t\t\t\t\t\t\t\t<\/div>\r\n\r\n\t\t\t\t\r\n\t\t\t\t\t\t\t\t\t\t\t\r\n\t\t\t\t\r\n\t\t\t\t<div class=\"sev-diaporama-portfolio-item col-12 col-sm  col-shrink\">\r\n\r\n\t\t\t\t\t\t\t\t\t\t<a href=\"https:\/\/campinglesramiers.com\/wp-content\/uploads\/2023\/07\/IMG_20230516_111449-Personnalise.jpg\" data-lightbox=\"sevgallery-3057991673\" style=\"background-image: url(https:\/\/campinglesramiers.com\/wp-content\/uploads\/2023\/07\/IMG_20230516_111449-Personnalise.jpg)\">\r\n\t\t\t\t\t\t\t\t\t\t\t<img decoding=\"async\" src=\"https:\/\/campinglesramiers.com\/wp-content\/uploads\/2023\/07\/IMG_20230516_111449-Personnalise.jpg\" alt=\"\" loading=\"lazy\">\r\n\t\t\t\t\t\t\t\t\t\t<\/a>\r\n\t\t\t\t\t\t\t\t\t<\/div>\r\n\r\n\t\t\t\t\t\t\t\t\t<div class=\"w-100\"><\/div>\r\n\t\t\t\t\t\t\t\t\t\r\n\t\t\t\t\t\t\t\t\t\t\t\r\n\t\t\t\t\r\n\t\t\t\t<div class=\"sev-diaporama-portfolio-item col-12 col-sm  col-shrink\">\r\n\r\n\t\t\t\t\t\t\t\t\t\t<a href=\"https:\/\/campinglesramiers.com\/wp-content\/uploads\/2023\/07\/IMG_0968-Personnalise.jpg\" data-lightbox=\"sevgallery-3057991673\" style=\"background-image: url(https:\/\/campinglesramiers.com\/wp-content\/uploads\/2023\/07\/IMG_0968-Personnalise.jpg)\">\r\n\t\t\t\t\t\t\t\t\t\t\t<img decoding=\"async\" src=\"https:\/\/campinglesramiers.com\/wp-content\/uploads\/2023\/07\/IMG_0968-Personnalise.jpg\" alt=\"\" loading=\"lazy\">\r\n\t\t\t\t\t\t\t\t\t\t<\/a>\r\n\t\t\t\t\t\t\t\t\t<\/div>\r\n\r\n\t\t\t\t\r\n\t\t\t\t\t\t\t\t\t\t\t\r\n\t\t\t\t\r\n\t\t\t\t<div class=\"sev-diaporama-portfolio-item col-12 col-sm \">\r\n\r\n\t\t\t\t\t\t\t\t\t\t<a href=\"https:\/\/campinglesramiers.com\/wp-content\/uploads\/2023\/07\/IMG_3493-Personnalise.jpg\" data-lightbox=\"sevgallery-3057991673\" style=\"background-image: url(https:\/\/campinglesramiers.com\/wp-content\/uploads\/2023\/07\/IMG_3493-Personnalise.jpg)\">\r\n\t\t\t\t\t\t\t\t\t\t\t<img decoding=\"async\" src=\"https:\/\/campinglesramiers.com\/wp-content\/uploads\/2023\/07\/IMG_3493-Personnalise.jpg\" alt=\"\" loading=\"lazy\">\r\n\t\t\t\t\t\t\t\t\t\t<\/a>\r\n\t\t\t\t\t\t\t\t\t<\/div>\r\n\r\n\t\t\t\t\r\n\t\t\t\t\t\t\t\t\t\t\t\r\n\t\t\t\t\r\n\t\t\t\t<div class=\"sev-diaporama-portfolio-item col-12 col-sm  col-grow\">\r\n\r\n\t\t\t\t\t\t\t\t\t\t<a href=\"https:\/\/campinglesramiers.com\/wp-content\/uploads\/2023\/07\/WP_20140831_001-Personnalise.jpg\" data-lightbox=\"sevgallery-3057991673\" style=\"background-image: url(https:\/\/campinglesramiers.com\/wp-content\/uploads\/2023\/07\/WP_20140831_001-Personnalise.jpg)\">\r\n\t\t\t\t\t\t\t\t\t\t\t<img decoding=\"async\" src=\"https:\/\/campinglesramiers.com\/wp-content\/uploads\/2023\/07\/WP_20140831_001-Personnalise.jpg\" alt=\"\" loading=\"lazy\">\r\n\t\t\t\t\t\t\t\t\t\t<\/a>\r\n\t\t\t\t\t\t\t\t\t<\/div>\r\n\r\n\t\t\t\t\t\t\t\t\t<div class=\"w-100\"><\/div>\r\n\t\t\t\t\t\t\t\t\t\r\n\t\t\t\t\t\t\t\t\t\t\t\t\t\t<\/div>\r\n\t\t\t<\/div>\r\n\r\n\t\t\t<script>\r\n\t\t\tjQuery(function($) {\r\n\r\n\t\t\t\tvar marginPortfolio = function() {\r\n\r\n\t\t\t\t\tvar $diapo          = $('#sevgallery-3057991673');\r\n\t\t\t\t\tvar container_width = $diapo.parent().outerWidth();\r\n\t\t\t\t\tvar side            = ( $(window).innerWidth() - container_width ) \/ 2;\r\n\r\n\t\t\t\t\t$diapo.css( {\r\n\t\t\t\t\t\t'margin-left': '-' + side + 'px',\r\n\t\t\t\t\t\t'margin-right': '-' + side + 'px',\r\n\t\t\t\t\t} );\r\n\t\t\t\t};\r\n\r\n\t\t\t\t$( window ).resize( function() {\r\n\t\t\t\t\tmarginPortfolio();\r\n\t\t\t\t} );\r\n\t\t\t\tmarginPortfolio();\r\n\t\t\t});\r\n\t\t\t<\/script>\r\n\t\t\t<\/div>","protected":false},"excerpt":{"rendered":"<p>Watersportactiviteiten Scoot-wave in Les Sables d&#8217;Olonne Als je op zoek bent naar sensatie, unieke ervaringen, gegarandeerde spanning en vooral onvergetelijke herinneringen, dan raden we je de SCOOT-WAVE in de baai van Les Sables D&#8217;Olonne aan. Verhuur van jetski&#8217;s en sleepboeien. Op vertoon van de campingstempel krijgt u een korting van \u20ac 10 op de jetskidiensten [&hellip;]<\/p>\n","protected":false},"author":1,"featured_media":0,"parent":22691,"menu_order":1,"comment_status":"closed","ping_status":"closed","template":"","meta":{"_seopress_robots_primary_cat":"","_seopress_titles_title":"Organiseer uw stranduitstapjes of watersportactiviteiten","_seopress_titles_desc":"Kies voor een stranddag of watersportactiviteiten tijdens uw verblijf op camping Les Ramiers","_seopress_robots_index":"","footnotes":""},"class_list":["post-22708","page","type-page","status-publish","hentry"],"_links":{"self":[{"href":"https:\/\/campinglesramiers.com\/nl\/wp-json\/wp\/v2\/pages\/22708","targetHints":{"allow":["GET"]}}],"collection":[{"href":"https:\/\/campinglesramiers.com\/nl\/wp-json\/wp\/v2\/pages"}],"about":[{"href":"https:\/\/campinglesramiers.com\/nl\/wp-json\/wp\/v2\/types\/page"}],"author":[{"embeddable":true,"href":"https:\/\/campinglesramiers.com\/nl\/wp-json\/wp\/v2\/users\/1"}],"replies":[{"embeddable":true,"href":"https:\/\/campinglesramiers.com\/nl\/wp-json\/wp\/v2\/comments?post=22708"}],"version-history":[{"count":1,"href":"https:\/\/campinglesramiers.com\/nl\/wp-json\/wp\/v2\/pages\/22708\/revisions"}],"predecessor-version":[{"id":23152,"href":"https:\/\/campinglesramiers.com\/nl\/wp-json\/wp\/v2\/pages\/22708\/revisions\/23152"}],"up":[{"embeddable":true,"href":"https:\/\/campinglesramiers.com\/nl\/wp-json\/wp\/v2\/pages\/22691"}],"wp:attachment":[{"href":"https:\/\/campinglesramiers.com\/nl\/wp-json\/wp\/v2\/media?parent=22708"}],"curies":[{"name":"wp","href":"https:\/\/api.w.org\/{rel}","templated":true}]}}